{"id":8296,"date":"2025-04-03T08:56:29","date_gmt":"2025-04-03T08:56:29","guid":{"rendered":"https:\/\/electronicfrance.com\/?post_type=product&#038;p=8296"},"modified":"2026-04-16T08:53:37","modified_gmt":"2026-04-16T08:53:37","slug":"philips-58pus7505-xpltvjj401xadb491400-fg-ca-2","status":"publish","type":"product","link":"https:\/\/electronicfrance.com\/?product=philips-58pus7505-xpltvjj401xadb491400-fg-ca-2","title":{"rendered":"PHILIPS 58PUS7505 43PUS7805\/12 715GA052-P02-008-003M (491400 FG-CA\/2)"},"content":{"rendered":"<p>PHILIPS 58PUS7505 43PUS7805\/12 715GA052-P02-008-003M (491400 FG-CA\/2)<br \/>\nEtat: Occasion<\/p>\n<p>Attention : toutes les cartes sont fonctionnelles, merci de bien diagnostiquer la panne, bien v\u00e9rifier la r\u00e9f\u00e9rence de la carte et celle de la t\u00e9l\u00e9 (ne pas commander pour une autre marque), assurez-vous que, les connectiques et les branchements sont identiques.<\/p>\n","protected":false},"excerpt":{"rendered":"<p>PHILIPS 58PUS7505 43PUS7805\/12 715GA052-P02-008-003M (491400 FG-CA\/2) Etat: Occasion Attention : toutes les cartes sont fonctionnelles, merci de bien diagnostiquer la panne, bien v\u00e9rifier la r\u00e9f\u00e9rence de la carte et celle<\/p>\n","protected":false},"featured_media":8299,"comment_status":"open","ping_status":"closed","template":"","meta":{"_acf_changed":false},"product_cat":[274,231],"product_tag":[],"acf":[],"yoast_head":"<!-- This site is optimized with the Yoast SEO plugin v23.9 - https:\/\/yoast.com\/wordpress\/plugins\/seo\/ -->\n<title>PHILIPS 58PUS7505 43PUS7805\/12 715GA052-P02-008-003M (491400 FG-CA\/2) &#8211; Electronic France<\/title>\n<meta name=\"robots\" content=\"index, follow, max-snippet:-1, max-image-preview:large, max-video-preview:-1\" \/>\n<link rel=\"canonical\" href=\"https:\/\/electronicfrance.com\/?product=philips-58pus7505-xpltvjj401xadb491400-fg-ca-2\" \/>\n<meta property=\"og:locale\" content=\"fr_FR\" \/>\n<meta property=\"og:type\" content=\"article\" \/>\n<meta property=\"og:title\" content=\"PHILIPS 58PUS7505 43PUS7805\/12 715GA052-P02-008-003M (491400 FG-CA\/2) &#8211; Electronic France\" \/>\n<meta property=\"og:description\" content=\"PHILIPS 58PUS7505 43PUS7805\/12 715GA052-P02-008-003M (491400 FG-CA\/2) Etat: Occasion Attention : toutes les cartes sont fonctionnelles, merci de bien diagnostiquer la panne, bien v\u00e9rifier la r\u00e9f\u00e9rence de la carte et celle\" \/>\n<meta property=\"og:url\" content=\"https:\/\/electronicfrance.com\/?product=philips-58pus7505-xpltvjj401xadb491400-fg-ca-2\" \/>\n<meta property=\"og:site_name\" content=\"Electronic France\" \/>\n<meta property=\"article:modified_time\" content=\"2026-04-16T08:53:37+00:00\" \/>\n<meta property=\"og:image\" content=\"http:\/\/electronicfrance.com\/wp-content\/uploads\/2025\/04\/2-491400-scaled.webp\" \/>\n\t<meta property=\"og:image:width\" content=\"1920\" \/>\n\t<meta property=\"og:image:height\" content=\"2560\" \/>\n\t<meta property=\"og:image:type\" content=\"image\/webp\" \/>\n<meta name=\"twitter:card\" content=\"summary_large_image\" \/>\n<meta name=\"twitter:label1\" content=\"Dur\u00e9e de lecture estim\u00e9e\" \/>\n\t<meta name=\"twitter:data1\" content=\"1 minute\" \/>\n<script type=\"application\/ld+json\" class=\"yoast-schema-graph\">{\"@context\":\"https:\/\/schema.org\",\"@graph\":[{\"@type\":\"WebPage\",\"@id\":\"https:\/\/electronicfrance.com\/?product=philips-58pus7505-xpltvjj401xadb491400-fg-ca-2\",\"url\":\"https:\/\/electronicfrance.com\/?product=philips-58pus7505-xpltvjj401xadb491400-fg-ca-2\",\"name\":\"PHILIPS 58PUS7505 43PUS7805\/12 715GA052-P02-008-003M (491400 FG-CA\/2) &#8211; Electronic France\",\"isPartOf\":{\"@id\":\"https:\/\/electronicfrance.com\/#website\"},\"primaryImageOfPage\":{\"@id\":\"https:\/\/electronicfrance.com\/?product=philips-58pus7505-xpltvjj401xadb491400-fg-ca-2#primaryimage\"},\"image\":{\"@id\":\"https:\/\/electronicfrance.com\/?product=philips-58pus7505-xpltvjj401xadb491400-fg-ca-2#primaryimage\"},\"thumbnailUrl\":\"https:\/\/electronicfrance.com\/wp-content\/uploads\/2025\/04\/2-491400-scaled.webp\",\"datePublished\":\"2025-04-03T08:56:29+00:00\",\"dateModified\":\"2026-04-16T08:53:37+00:00\",\"breadcrumb\":{\"@id\":\"https:\/\/electronicfrance.com\/?product=philips-58pus7505-xpltvjj401xadb491400-fg-ca-2#breadcrumb\"},\"inLanguage\":\"fr-FR\",\"potentialAction\":[{\"@type\":\"ReadAction\",\"target\":[\"https:\/\/electronicfrance.com\/?product=philips-58pus7505-xpltvjj401xadb491400-fg-ca-2\"]}]},{\"@type\":\"ImageObject\",\"inLanguage\":\"fr-FR\",\"@id\":\"https:\/\/electronicfrance.com\/?product=philips-58pus7505-xpltvjj401xadb491400-fg-ca-2#primaryimage\",\"url\":\"https:\/\/electronicfrance.com\/wp-content\/uploads\/2025\/04\/2-491400-scaled.webp\",\"contentUrl\":\"https:\/\/electronicfrance.com\/wp-content\/uploads\/2025\/04\/2-491400-scaled.webp\",\"width\":1920,\"height\":2560},{\"@type\":\"BreadcrumbList\",\"@id\":\"https:\/\/electronicfrance.com\/?product=philips-58pus7505-xpltvjj401xadb491400-fg-ca-2#breadcrumb\",\"itemListElement\":[{\"@type\":\"ListItem\",\"position\":1,\"name\":\"Accueil\",\"item\":\"https:\/\/electronicfrance.com\/\"},{\"@type\":\"ListItem\",\"position\":2,\"name\":\"Boutique\",\"item\":\"https:\/\/electronicfrance.com\/?page_id=3853\"},{\"@type\":\"ListItem\",\"position\":3,\"name\":\"PHILIPS 58PUS7505 43PUS7805\/12 715GA052-P02-008-003M (491400 FG-CA\/2)\"}]},{\"@type\":\"WebSite\",\"@id\":\"https:\/\/electronicfrance.com\/#website\",\"url\":\"https:\/\/electronicfrance.com\/\",\"name\":\"ElectronicFrance\",\"description\":\"Meilleurs magasins \u00e9lectronique en France\",\"publisher\":{\"@id\":\"https:\/\/electronicfrance.com\/#organization\"},\"potentialAction\":[{\"@type\":\"SearchAction\",\"target\":{\"@type\":\"EntryPoint\",\"urlTemplate\":\"https:\/\/electronicfrance.com\/?s={search_term_string}\"},\"query-input\":{\"@type\":\"PropertyValueSpecification\",\"valueRequired\":true,\"valueName\":\"search_term_string\"}}],\"inLanguage\":\"fr-FR\"},{\"@type\":\"Organization\",\"@id\":\"https:\/\/electronicfrance.com\/#organization\",\"name\":\"Electronic France\",\"url\":\"https:\/\/electronicfrance.com\/\",\"logo\":{\"@type\":\"ImageObject\",\"inLanguage\":\"fr-FR\",\"@id\":\"https:\/\/electronicfrance.com\/#\/schema\/logo\/image\/\",\"url\":\"https:\/\/electronicfrance.com\/wp-content\/uploads\/2023\/05\/Border-Bg-Final-1-e1685430270843.jpg\",\"contentUrl\":\"https:\/\/electronicfrance.com\/wp-content\/uploads\/2023\/05\/Border-Bg-Final-1-e1685430270843.jpg\",\"width\":50,\"height\":40,\"caption\":\"Electronic France\"},\"image\":{\"@id\":\"https:\/\/electronicfrance.com\/#\/schema\/logo\/image\/\"}}]}<\/script>\n<!-- \/ Yoast SEO plugin. -->","yoast_head_json":{"title":"PHILIPS 58PUS7505 43PUS7805\/12 715GA052-P02-008-003M (491400 FG-CA\/2) &#8211; Electronic France","robots":{"index":"index","follow":"follow","max-snippet":"max-snippet:-1","max-image-preview":"max-image-preview:large","max-video-preview":"max-video-preview:-1"},"canonical":"https:\/\/electronicfrance.com\/?product=philips-58pus7505-xpltvjj401xadb491400-fg-ca-2","og_locale":"fr_FR","og_type":"article","og_title":"PHILIPS 58PUS7505 43PUS7805\/12 715GA052-P02-008-003M (491400 FG-CA\/2) &#8211; Electronic France","og_description":"PHILIPS 58PUS7505 43PUS7805\/12 715GA052-P02-008-003M (491400 FG-CA\/2) Etat: Occasion Attention : toutes les cartes sont fonctionnelles, merci de bien diagnostiquer la panne, bien v\u00e9rifier la r\u00e9f\u00e9rence de la carte et celle","og_url":"https:\/\/electronicfrance.com\/?product=philips-58pus7505-xpltvjj401xadb491400-fg-ca-2","og_site_name":"Electronic France","article_modified_time":"2026-04-16T08:53:37+00:00","og_image":[{"width":1920,"height":2560,"url":"http:\/\/electronicfrance.com\/wp-content\/uploads\/2025\/04\/2-491400-scaled.webp","type":"image\/webp"}],"twitter_card":"summary_large_image","twitter_misc":{"Dur\u00e9e de lecture estim\u00e9e":"1 minute"},"schema":{"@context":"https:\/\/schema.org","@graph":[{"@type":"WebPage","@id":"https:\/\/electronicfrance.com\/?product=philips-58pus7505-xpltvjj401xadb491400-fg-ca-2","url":"https:\/\/electronicfrance.com\/?product=philips-58pus7505-xpltvjj401xadb491400-fg-ca-2","name":"PHILIPS 58PUS7505 43PUS7805\/12 715GA052-P02-008-003M (491400 FG-CA\/2) &#8211; Electronic France","isPartOf":{"@id":"https:\/\/electronicfrance.com\/#website"},"primaryImageOfPage":{"@id":"https:\/\/electronicfrance.com\/?product=philips-58pus7505-xpltvjj401xadb491400-fg-ca-2#primaryimage"},"image":{"@id":"https:\/\/electronicfrance.com\/?product=philips-58pus7505-xpltvjj401xadb491400-fg-ca-2#primaryimage"},"thumbnailUrl":"https:\/\/electronicfrance.com\/wp-content\/uploads\/2025\/04\/2-491400-scaled.webp","datePublished":"2025-04-03T08:56:29+00:00","dateModified":"2026-04-16T08:53:37+00:00","breadcrumb":{"@id":"https:\/\/electronicfrance.com\/?product=philips-58pus7505-xpltvjj401xadb491400-fg-ca-2#breadcrumb"},"inLanguage":"fr-FR","potentialAction":[{"@type":"ReadAction","target":["https:\/\/electronicfrance.com\/?product=philips-58pus7505-xpltvjj401xadb491400-fg-ca-2"]}]},{"@type":"ImageObject","inLanguage":"fr-FR","@id":"https:\/\/electronicfrance.com\/?product=philips-58pus7505-xpltvjj401xadb491400-fg-ca-2#primaryimage","url":"https:\/\/electronicfrance.com\/wp-content\/uploads\/2025\/04\/2-491400-scaled.webp","contentUrl":"https:\/\/electronicfrance.com\/wp-content\/uploads\/2025\/04\/2-491400-scaled.webp","width":1920,"height":2560},{"@type":"BreadcrumbList","@id":"https:\/\/electronicfrance.com\/?product=philips-58pus7505-xpltvjj401xadb491400-fg-ca-2#breadcrumb","itemListElement":[{"@type":"ListItem","position":1,"name":"Accueil","item":"https:\/\/electronicfrance.com\/"},{"@type":"ListItem","position":2,"name":"Boutique","item":"https:\/\/electronicfrance.com\/?page_id=3853"},{"@type":"ListItem","position":3,"name":"PHILIPS 58PUS7505 43PUS7805\/12 715GA052-P02-008-003M (491400 FG-CA\/2)"}]},{"@type":"WebSite","@id":"https:\/\/electronicfrance.com\/#website","url":"https:\/\/electronicfrance.com\/","name":"ElectronicFrance","description":"Meilleurs magasins \u00e9lectronique en France","publisher":{"@id":"https:\/\/electronicfrance.com\/#organization"},"potentialAction":[{"@type":"SearchAction","target":{"@type":"EntryPoint","urlTemplate":"https:\/\/electronicfrance.com\/?s={search_term_string}"},"query-input":{"@type":"PropertyValueSpecification","valueRequired":true,"valueName":"search_term_string"}}],"inLanguage":"fr-FR"},{"@type":"Organization","@id":"https:\/\/electronicfrance.com\/#organization","name":"Electronic France","url":"https:\/\/electronicfrance.com\/","logo":{"@type":"ImageObject","inLanguage":"fr-FR","@id":"https:\/\/electronicfrance.com\/#\/schema\/logo\/image\/","url":"https:\/\/electronicfrance.com\/wp-content\/uploads\/2023\/05\/Border-Bg-Final-1-e1685430270843.jpg","contentUrl":"https:\/\/electronicfrance.com\/wp-content\/uploads\/2023\/05\/Border-Bg-Final-1-e1685430270843.jpg","width":50,"height":40,"caption":"Electronic France"},"image":{"@id":"https:\/\/electronicfrance.com\/#\/schema\/logo\/image\/"}}]}},"_links":{"self":[{"href":"https:\/\/electronicfrance.com\/index.php?rest_route=\/wp\/v2\/product\/8296"}],"collection":[{"href":"https:\/\/electronicfrance.com\/index.php?rest_route=\/wp\/v2\/product"}],"about":[{"href":"https:\/\/electronicfrance.com\/index.php?rest_route=\/wp\/v2\/types\/product"}],"replies":[{"embeddable":true,"href":"https:\/\/electronicfrance.com\/index.php?rest_route=%2Fwp%2Fv2%2Fcomments&post=8296"}],"wp:featuredmedia":[{"embeddable":true,"href":"https:\/\/electronicfrance.com\/index.php?rest_route=\/wp\/v2\/media\/8299"}],"wp:attachment":[{"href":"https:\/\/electronicfrance.com\/index.php?rest_route=%2Fwp%2Fv2%2Fmedia&parent=8296"}],"wp:term":[{"taxonomy":"product_cat","embeddable":true,"href":"https:\/\/electronicfrance.com\/index.php?rest_route=%2Fwp%2Fv2%2Fproduct_cat&post=8296"},{"taxonomy":"product_tag","embeddable":true,"href":"https:\/\/electronicfrance.com\/index.php?rest_route=%2Fwp%2Fv2%2Fproduct_tag&post=8296"}],"curies":[{"name":"wp","href":"https:\/\/api.w.org\/{rel}","templated":true}]}}