{"id":7802,"date":"2025-03-24T12:37:42","date_gmt":"2025-03-24T12:37:42","guid":{"rendered":"https:\/\/electronicfrance.com\/?post_type=product&#038;p=7802"},"modified":"2026-04-29T08:33:06","modified_gmt":"2026-04-29T08:33:06","slug":"50um7600plb-lg","status":"publish","type":"product","link":"https:\/\/electronicfrance.com\/?product=50um7600plb-lg","title":{"rendered":"LG 50UM7600PLB 50UM7450PLA 50UM7500PLA EAX68249201(1.9) EAY65228801 EAY65228802 (491730 FG-CA\/9)"},"content":{"rendered":"<p>LG 50UM7600PLB 50UM7450PLA 50UM7500PLA EAX68249201(1.9) EAY65228801 EAY65228802 (491730 FG-CA\/9)<br \/>\nEtat: Occasion<\/p>\n<p>Attention : toutes les cartes sont fonctionnelles, merci de bien diagnostiquer la panne, bien v\u00e9rifier la r\u00e9f\u00e9rence de la carte et celle de la t\u00e9l\u00e9 (ne pas commander pour une autre marque), assurez-vous que, les connectiques et les branchements sont identiques.<\/p>\n","protected":false},"excerpt":{"rendered":"<p>LG 50UM7600PLB 50UM7450PLA 50UM7500PLA EAX68249201(1.9) EAY65228801 EAY65228802 (491730 FG-CA\/9) Etat: Occasion Attention : toutes les cartes sont fonctionnelles, merci de bien diagnostiquer la panne, bien v\u00e9rifier la r\u00e9f\u00e9rence de la<\/p>\n","protected":false},"featured_media":7803,"comment_status":"open","ping_status":"closed","template":"","meta":{"_acf_changed":false},"product_cat":[274,233],"product_tag":[],"acf":[],"yoast_head":"<!-- This site is optimized with the Yoast SEO plugin v23.9 - https:\/\/yoast.com\/wordpress\/plugins\/seo\/ -->\n<title>LG 50UM7600PLB 50UM7450PLA 50UM7500PLA EAX68249201(1.9) EAY65228801 EAY65228802 (491730 FG-CA\/9) &#8211; Electronic France<\/title>\n<meta name=\"robots\" content=\"index, follow, max-snippet:-1, max-image-preview:large, max-video-preview:-1\" \/>\n<link rel=\"canonical\" href=\"https:\/\/electronicfrance.com\/?product=50um7600plb-lg\" \/>\n<meta property=\"og:locale\" content=\"fr_FR\" \/>\n<meta property=\"og:type\" content=\"article\" \/>\n<meta property=\"og:title\" content=\"LG 50UM7600PLB 50UM7450PLA 50UM7500PLA EAX68249201(1.9) EAY65228801 EAY65228802 (491730 FG-CA\/9) &#8211; Electronic France\" \/>\n<meta property=\"og:description\" content=\"LG 50UM7600PLB 50UM7450PLA 50UM7500PLA EAX68249201(1.9) EAY65228801 EAY65228802 (491730 FG-CA\/9) Etat: Occasion Attention : toutes les cartes sont fonctionnelles, merci de bien diagnostiquer la panne, bien v\u00e9rifier la r\u00e9f\u00e9rence de la\" \/>\n<meta property=\"og:url\" content=\"https:\/\/electronicfrance.com\/?product=50um7600plb-lg\" \/>\n<meta property=\"og:site_name\" content=\"Electronic France\" \/>\n<meta property=\"article:modified_time\" content=\"2026-04-29T08:33:06+00:00\" \/>\n<meta property=\"og:image\" content=\"http:\/\/electronicfrance.com\/wp-content\/uploads\/2025\/03\/2-491730-scaled.webp\" \/>\n\t<meta property=\"og:image:width\" content=\"1920\" \/>\n\t<meta property=\"og:image:height\" content=\"2560\" \/>\n\t<meta property=\"og:image:type\" content=\"image\/webp\" \/>\n<meta name=\"twitter:card\" content=\"summary_large_image\" \/>\n<meta name=\"twitter:label1\" content=\"Dur\u00e9e de lecture estim\u00e9e\" \/>\n\t<meta name=\"twitter:data1\" content=\"1 minute\" \/>\n<script type=\"application\/ld+json\" class=\"yoast-schema-graph\">{\"@context\":\"https:\/\/schema.org\",\"@graph\":[{\"@type\":\"WebPage\",\"@id\":\"https:\/\/electronicfrance.com\/?product=50um7600plb-lg\",\"url\":\"https:\/\/electronicfrance.com\/?product=50um7600plb-lg\",\"name\":\"LG 50UM7600PLB 50UM7450PLA 50UM7500PLA EAX68249201(1.9) EAY65228801 EAY65228802 (491730 FG-CA\/9) &#8211; Electronic France\",\"isPartOf\":{\"@id\":\"https:\/\/electronicfrance.com\/#website\"},\"primaryImageOfPage\":{\"@id\":\"https:\/\/electronicfrance.com\/?product=50um7600plb-lg#primaryimage\"},\"image\":{\"@id\":\"https:\/\/electronicfrance.com\/?product=50um7600plb-lg#primaryimage\"},\"thumbnailUrl\":\"https:\/\/electronicfrance.com\/wp-content\/uploads\/2025\/03\/2-491730-scaled.webp\",\"datePublished\":\"2025-03-24T12:37:42+00:00\",\"dateModified\":\"2026-04-29T08:33:06+00:00\",\"breadcrumb\":{\"@id\":\"https:\/\/electronicfrance.com\/?product=50um7600plb-lg#breadcrumb\"},\"inLanguage\":\"fr-FR\",\"potentialAction\":[{\"@type\":\"ReadAction\",\"target\":[\"https:\/\/electronicfrance.com\/?product=50um7600plb-lg\"]}]},{\"@type\":\"ImageObject\",\"inLanguage\":\"fr-FR\",\"@id\":\"https:\/\/electronicfrance.com\/?product=50um7600plb-lg#primaryimage\",\"url\":\"https:\/\/electronicfrance.com\/wp-content\/uploads\/2025\/03\/2-491730-scaled.webp\",\"contentUrl\":\"https:\/\/electronicfrance.com\/wp-content\/uploads\/2025\/03\/2-491730-scaled.webp\",\"width\":1920,\"height\":2560},{\"@type\":\"BreadcrumbList\",\"@id\":\"https:\/\/electronicfrance.com\/?product=50um7600plb-lg#breadcrumb\",\"itemListElement\":[{\"@type\":\"ListItem\",\"position\":1,\"name\":\"Accueil\",\"item\":\"https:\/\/electronicfrance.com\/\"},{\"@type\":\"ListItem\",\"position\":2,\"name\":\"Boutique\",\"item\":\"https:\/\/electronicfrance.com\/?page_id=3853\"},{\"@type\":\"ListItem\",\"position\":3,\"name\":\"LG 50UM7600PLB 50UM7450PLA 50UM7500PLA EAX68249201(1.9) EAY65228801 EAY65228802 (491730 FG-CA\/9)\"}]},{\"@type\":\"WebSite\",\"@id\":\"https:\/\/electronicfrance.com\/#website\",\"url\":\"https:\/\/electronicfrance.com\/\",\"name\":\"ElectronicFrance\",\"description\":\"Meilleurs magasins \u00e9lectronique en France\",\"publisher\":{\"@id\":\"https:\/\/electronicfrance.com\/#organization\"},\"potentialAction\":[{\"@type\":\"SearchAction\",\"target\":{\"@type\":\"EntryPoint\",\"urlTemplate\":\"https:\/\/electronicfrance.com\/?s={search_term_string}\"},\"query-input\":{\"@type\":\"PropertyValueSpecification\",\"valueRequired\":true,\"valueName\":\"search_term_string\"}}],\"inLanguage\":\"fr-FR\"},{\"@type\":\"Organization\",\"@id\":\"https:\/\/electronicfrance.com\/#organization\",\"name\":\"Electronic France\",\"url\":\"https:\/\/electronicfrance.com\/\",\"logo\":{\"@type\":\"ImageObject\",\"inLanguage\":\"fr-FR\",\"@id\":\"https:\/\/electronicfrance.com\/#\/schema\/logo\/image\/\",\"url\":\"https:\/\/electronicfrance.com\/wp-content\/uploads\/2023\/05\/Border-Bg-Final-1-e1685430270843.jpg\",\"contentUrl\":\"https:\/\/electronicfrance.com\/wp-content\/uploads\/2023\/05\/Border-Bg-Final-1-e1685430270843.jpg\",\"width\":50,\"height\":40,\"caption\":\"Electronic France\"},\"image\":{\"@id\":\"https:\/\/electronicfrance.com\/#\/schema\/logo\/image\/\"}}]}<\/script>\n<!-- \/ Yoast SEO plugin. -->","yoast_head_json":{"title":"LG 50UM7600PLB 50UM7450PLA 50UM7500PLA EAX68249201(1.9) EAY65228801 EAY65228802 (491730 FG-CA\/9) &#8211; Electronic France","robots":{"index":"index","follow":"follow","max-snippet":"max-snippet:-1","max-image-preview":"max-image-preview:large","max-video-preview":"max-video-preview:-1"},"canonical":"https:\/\/electronicfrance.com\/?product=50um7600plb-lg","og_locale":"fr_FR","og_type":"article","og_title":"LG 50UM7600PLB 50UM7450PLA 50UM7500PLA EAX68249201(1.9) EAY65228801 EAY65228802 (491730 FG-CA\/9) &#8211; Electronic France","og_description":"LG 50UM7600PLB 50UM7450PLA 50UM7500PLA EAX68249201(1.9) EAY65228801 EAY65228802 (491730 FG-CA\/9) Etat: Occasion Attention : toutes les cartes sont fonctionnelles, merci de bien diagnostiquer la panne, bien v\u00e9rifier la r\u00e9f\u00e9rence de la","og_url":"https:\/\/electronicfrance.com\/?product=50um7600plb-lg","og_site_name":"Electronic France","article_modified_time":"2026-04-29T08:33:06+00:00","og_image":[{"width":1920,"height":2560,"url":"http:\/\/electronicfrance.com\/wp-content\/uploads\/2025\/03\/2-491730-scaled.webp","type":"image\/webp"}],"twitter_card":"summary_large_image","twitter_misc":{"Dur\u00e9e de lecture estim\u00e9e":"1 minute"},"schema":{"@context":"https:\/\/schema.org","@graph":[{"@type":"WebPage","@id":"https:\/\/electronicfrance.com\/?product=50um7600plb-lg","url":"https:\/\/electronicfrance.com\/?product=50um7600plb-lg","name":"LG 50UM7600PLB 50UM7450PLA 50UM7500PLA EAX68249201(1.9) EAY65228801 EAY65228802 (491730 FG-CA\/9) &#8211; Electronic France","isPartOf":{"@id":"https:\/\/electronicfrance.com\/#website"},"primaryImageOfPage":{"@id":"https:\/\/electronicfrance.com\/?product=50um7600plb-lg#primaryimage"},"image":{"@id":"https:\/\/electronicfrance.com\/?product=50um7600plb-lg#primaryimage"},"thumbnailUrl":"https:\/\/electronicfrance.com\/wp-content\/uploads\/2025\/03\/2-491730-scaled.webp","datePublished":"2025-03-24T12:37:42+00:00","dateModified":"2026-04-29T08:33:06+00:00","breadcrumb":{"@id":"https:\/\/electronicfrance.com\/?product=50um7600plb-lg#breadcrumb"},"inLanguage":"fr-FR","potentialAction":[{"@type":"ReadAction","target":["https:\/\/electronicfrance.com\/?product=50um7600plb-lg"]}]},{"@type":"ImageObject","inLanguage":"fr-FR","@id":"https:\/\/electronicfrance.com\/?product=50um7600plb-lg#primaryimage","url":"https:\/\/electronicfrance.com\/wp-content\/uploads\/2025\/03\/2-491730-scaled.webp","contentUrl":"https:\/\/electronicfrance.com\/wp-content\/uploads\/2025\/03\/2-491730-scaled.webp","width":1920,"height":2560},{"@type":"BreadcrumbList","@id":"https:\/\/electronicfrance.com\/?product=50um7600plb-lg#breadcrumb","itemListElement":[{"@type":"ListItem","position":1,"name":"Accueil","item":"https:\/\/electronicfrance.com\/"},{"@type":"ListItem","position":2,"name":"Boutique","item":"https:\/\/electronicfrance.com\/?page_id=3853"},{"@type":"ListItem","position":3,"name":"LG 50UM7600PLB 50UM7450PLA 50UM7500PLA EAX68249201(1.9) EAY65228801 EAY65228802 (491730 FG-CA\/9)"}]},{"@type":"WebSite","@id":"https:\/\/electronicfrance.com\/#website","url":"https:\/\/electronicfrance.com\/","name":"ElectronicFrance","description":"Meilleurs magasins \u00e9lectronique en France","publisher":{"@id":"https:\/\/electronicfrance.com\/#organization"},"potentialAction":[{"@type":"SearchAction","target":{"@type":"EntryPoint","urlTemplate":"https:\/\/electronicfrance.com\/?s={search_term_string}"},"query-input":{"@type":"PropertyValueSpecification","valueRequired":true,"valueName":"search_term_string"}}],"inLanguage":"fr-FR"},{"@type":"Organization","@id":"https:\/\/electronicfrance.com\/#organization","name":"Electronic France","url":"https:\/\/electronicfrance.com\/","logo":{"@type":"ImageObject","inLanguage":"fr-FR","@id":"https:\/\/electronicfrance.com\/#\/schema\/logo\/image\/","url":"https:\/\/electronicfrance.com\/wp-content\/uploads\/2023\/05\/Border-Bg-Final-1-e1685430270843.jpg","contentUrl":"https:\/\/electronicfrance.com\/wp-content\/uploads\/2023\/05\/Border-Bg-Final-1-e1685430270843.jpg","width":50,"height":40,"caption":"Electronic France"},"image":{"@id":"https:\/\/electronicfrance.com\/#\/schema\/logo\/image\/"}}]}},"_links":{"self":[{"href":"https:\/\/electronicfrance.com\/index.php?rest_route=\/wp\/v2\/product\/7802"}],"collection":[{"href":"https:\/\/electronicfrance.com\/index.php?rest_route=\/wp\/v2\/product"}],"about":[{"href":"https:\/\/electronicfrance.com\/index.php?rest_route=\/wp\/v2\/types\/product"}],"replies":[{"embeddable":true,"href":"https:\/\/electronicfrance.com\/index.php?rest_route=%2Fwp%2Fv2%2Fcomments&post=7802"}],"wp:featuredmedia":[{"embeddable":true,"href":"https:\/\/electronicfrance.com\/index.php?rest_route=\/wp\/v2\/media\/7803"}],"wp:attachment":[{"href":"https:\/\/electronicfrance.com\/index.php?rest_route=%2Fwp%2Fv2%2Fmedia&parent=7802"}],"wp:term":[{"taxonomy":"product_cat","embeddable":true,"href":"https:\/\/electronicfrance.com\/index.php?rest_route=%2Fwp%2Fv2%2Fproduct_cat&post=7802"},{"taxonomy":"product_tag","embeddable":true,"href":"https:\/\/electronicfrance.com\/index.php?rest_route=%2Fwp%2Fv2%2Fproduct_tag&post=7802"}],"curies":[{"name":"wp","href":"https:\/\/api.w.org\/{rel}","templated":true}]}}