{"id":7187,"date":"2024-07-19T09:28:14","date_gmt":"2024-07-19T09:28:14","guid":{"rendered":"https:\/\/electronicfrance.com\/?post_type=product&#038;p=7187"},"modified":"2024-07-19T09:28:14","modified_gmt":"2024-07-19T09:28:14","slug":"toshiba-lcd241533dg-266902scm15","status":"publish","type":"product","link":"https:\/\/electronicfrance.com\/?product=toshiba-lcd241533dg-266902scm15","title":{"rendered":"TOSHIBA LCD241533DG (266902SCM15)"},"content":{"rendered":"<p>TOSHIBA LCD241533DG (266902SCM15)<\/p>\n<p>Etat: Occasion<\/p>\n<p><strong>Attention : toutes les cartes sont fonctionnelles, merci de bien diagnostiquer la panne, bien v\u00e9rifier la r\u00e9f\u00e9rence de la carte et celle de la t\u00e9l\u00e9 (ne pas commander pour une autre marque), assurez-vous que, les connectiques et les branchements sont identiques.<\/strong><\/p>\n","protected":false},"excerpt":{"rendered":"<p>TOSHIBA LCD241533DG (266902SCM15) Etat: Occasion Attention : toutes les cartes sont fonctionnelles, merci de bien diagnostiquer la panne, bien v\u00e9rifier la r\u00e9f\u00e9rence de la carte et celle de la t\u00e9l\u00e9<\/p>\n","protected":false},"featured_media":6975,"comment_status":"open","ping_status":"closed","template":"","meta":{"_acf_changed":false},"product_cat":[287,231,269,558],"product_tag":[1039],"acf":[],"yoast_head":"<!-- This site is optimized with the Yoast SEO plugin v23.9 - https:\/\/yoast.com\/wordpress\/plugins\/seo\/ -->\n<title>TOSHIBA LCD241533DG (266902SCM15) &#8211; Electronic France<\/title>\n<meta name=\"robots\" content=\"index, follow, max-snippet:-1, max-image-preview:large, max-video-preview:-1\" \/>\n<link rel=\"canonical\" href=\"https:\/\/electronicfrance.com\/?product=toshiba-lcd241533dg-266902scm15\" \/>\n<meta property=\"og:locale\" content=\"fr_FR\" \/>\n<meta property=\"og:type\" content=\"article\" \/>\n<meta property=\"og:title\" content=\"TOSHIBA LCD241533DG (266902SCM15) &#8211; Electronic France\" \/>\n<meta property=\"og:description\" content=\"TOSHIBA LCD241533DG (266902SCM15) Etat: Occasion Attention : toutes les cartes sont fonctionnelles, merci de bien diagnostiquer la panne, bien v\u00e9rifier la r\u00e9f\u00e9rence de la carte et celle de la t\u00e9l\u00e9\" \/>\n<meta property=\"og:url\" content=\"https:\/\/electronicfrance.com\/?product=toshiba-lcd241533dg-266902scm15\" \/>\n<meta property=\"og:site_name\" content=\"Electronic France\" \/>\n<meta property=\"og:image\" content=\"http:\/\/electronicfrance.com\/wp-content\/uploads\/2024\/07\/admin-ajax.jpg\" \/>\n\t<meta property=\"og:image:width\" content=\"424\" \/>\n\t<meta property=\"og:image:height\" content=\"600\" \/>\n\t<meta property=\"og:image:type\" content=\"image\/jpeg\" \/>\n<meta name=\"twitter:card\" content=\"summary_large_image\" \/>\n<meta name=\"twitter:label1\" content=\"Dur\u00e9e de lecture estim\u00e9e\" \/>\n\t<meta name=\"twitter:data1\" content=\"1 minute\" \/>\n<script type=\"application\/ld+json\" class=\"yoast-schema-graph\">{\"@context\":\"https:\/\/schema.org\",\"@graph\":[{\"@type\":\"WebPage\",\"@id\":\"https:\/\/electronicfrance.com\/?product=toshiba-lcd241533dg-266902scm15\",\"url\":\"https:\/\/electronicfrance.com\/?product=toshiba-lcd241533dg-266902scm15\",\"name\":\"TOSHIBA LCD241533DG (266902SCM15) &#8211; Electronic France\",\"isPartOf\":{\"@id\":\"https:\/\/electronicfrance.com\/#website\"},\"primaryImageOfPage\":{\"@id\":\"https:\/\/electronicfrance.com\/?product=toshiba-lcd241533dg-266902scm15#primaryimage\"},\"image\":{\"@id\":\"https:\/\/electronicfrance.com\/?product=toshiba-lcd241533dg-266902scm15#primaryimage\"},\"thumbnailUrl\":\"https:\/\/electronicfrance.com\/wp-content\/uploads\/2024\/07\/admin-ajax.jpg\",\"datePublished\":\"2024-07-19T09:28:14+00:00\",\"dateModified\":\"2024-07-19T09:28:14+00:00\",\"breadcrumb\":{\"@id\":\"https:\/\/electronicfrance.com\/?product=toshiba-lcd241533dg-266902scm15#breadcrumb\"},\"inLanguage\":\"fr-FR\",\"potentialAction\":[{\"@type\":\"ReadAction\",\"target\":[\"https:\/\/electronicfrance.com\/?product=toshiba-lcd241533dg-266902scm15\"]}]},{\"@type\":\"ImageObject\",\"inLanguage\":\"fr-FR\",\"@id\":\"https:\/\/electronicfrance.com\/?product=toshiba-lcd241533dg-266902scm15#primaryimage\",\"url\":\"https:\/\/electronicfrance.com\/wp-content\/uploads\/2024\/07\/admin-ajax.jpg\",\"contentUrl\":\"https:\/\/electronicfrance.com\/wp-content\/uploads\/2024\/07\/admin-ajax.jpg\",\"width\":424,\"height\":600},{\"@type\":\"BreadcrumbList\",\"@id\":\"https:\/\/electronicfrance.com\/?product=toshiba-lcd241533dg-266902scm15#breadcrumb\",\"itemListElement\":[{\"@type\":\"ListItem\",\"position\":1,\"name\":\"Accueil\",\"item\":\"https:\/\/electronicfrance.com\/\"},{\"@type\":\"ListItem\",\"position\":2,\"name\":\"Boutique\",\"item\":\"https:\/\/electronicfrance.com\/?page_id=3853\"},{\"@type\":\"ListItem\",\"position\":3,\"name\":\"TOSHIBA LCD241533DG (266902SCM15)\"}]},{\"@type\":\"WebSite\",\"@id\":\"https:\/\/electronicfrance.com\/#website\",\"url\":\"https:\/\/electronicfrance.com\/\",\"name\":\"ElectronicFrance\",\"description\":\"Meilleurs magasins \u00e9lectronique en France\",\"publisher\":{\"@id\":\"https:\/\/electronicfrance.com\/#organization\"},\"potentialAction\":[{\"@type\":\"SearchAction\",\"target\":{\"@type\":\"EntryPoint\",\"urlTemplate\":\"https:\/\/electronicfrance.com\/?s={search_term_string}\"},\"query-input\":{\"@type\":\"PropertyValueSpecification\",\"valueRequired\":true,\"valueName\":\"search_term_string\"}}],\"inLanguage\":\"fr-FR\"},{\"@type\":\"Organization\",\"@id\":\"https:\/\/electronicfrance.com\/#organization\",\"name\":\"Electronic France\",\"url\":\"https:\/\/electronicfrance.com\/\",\"logo\":{\"@type\":\"ImageObject\",\"inLanguage\":\"fr-FR\",\"@id\":\"https:\/\/electronicfrance.com\/#\/schema\/logo\/image\/\",\"url\":\"https:\/\/electronicfrance.com\/wp-content\/uploads\/2023\/05\/Border-Bg-Final-1-e1685430270843.jpg\",\"contentUrl\":\"https:\/\/electronicfrance.com\/wp-content\/uploads\/2023\/05\/Border-Bg-Final-1-e1685430270843.jpg\",\"width\":50,\"height\":40,\"caption\":\"Electronic France\"},\"image\":{\"@id\":\"https:\/\/electronicfrance.com\/#\/schema\/logo\/image\/\"}}]}<\/script>\n<!-- \/ Yoast SEO plugin. -->","yoast_head_json":{"title":"TOSHIBA LCD241533DG (266902SCM15) &#8211; Electronic France","robots":{"index":"index","follow":"follow","max-snippet":"max-snippet:-1","max-image-preview":"max-image-preview:large","max-video-preview":"max-video-preview:-1"},"canonical":"https:\/\/electronicfrance.com\/?product=toshiba-lcd241533dg-266902scm15","og_locale":"fr_FR","og_type":"article","og_title":"TOSHIBA LCD241533DG (266902SCM15) &#8211; Electronic France","og_description":"TOSHIBA LCD241533DG (266902SCM15) Etat: Occasion Attention : toutes les cartes sont fonctionnelles, merci de bien diagnostiquer la panne, bien v\u00e9rifier la r\u00e9f\u00e9rence de la carte et celle de la t\u00e9l\u00e9","og_url":"https:\/\/electronicfrance.com\/?product=toshiba-lcd241533dg-266902scm15","og_site_name":"Electronic France","og_image":[{"width":424,"height":600,"url":"http:\/\/electronicfrance.com\/wp-content\/uploads\/2024\/07\/admin-ajax.jpg","type":"image\/jpeg"}],"twitter_card":"summary_large_image","twitter_misc":{"Dur\u00e9e de lecture estim\u00e9e":"1 minute"},"schema":{"@context":"https:\/\/schema.org","@graph":[{"@type":"WebPage","@id":"https:\/\/electronicfrance.com\/?product=toshiba-lcd241533dg-266902scm15","url":"https:\/\/electronicfrance.com\/?product=toshiba-lcd241533dg-266902scm15","name":"TOSHIBA LCD241533DG (266902SCM15) &#8211; Electronic France","isPartOf":{"@id":"https:\/\/electronicfrance.com\/#website"},"primaryImageOfPage":{"@id":"https:\/\/electronicfrance.com\/?product=toshiba-lcd241533dg-266902scm15#primaryimage"},"image":{"@id":"https:\/\/electronicfrance.com\/?product=toshiba-lcd241533dg-266902scm15#primaryimage"},"thumbnailUrl":"https:\/\/electronicfrance.com\/wp-content\/uploads\/2024\/07\/admin-ajax.jpg","datePublished":"2024-07-19T09:28:14+00:00","dateModified":"2024-07-19T09:28:14+00:00","breadcrumb":{"@id":"https:\/\/electronicfrance.com\/?product=toshiba-lcd241533dg-266902scm15#breadcrumb"},"inLanguage":"fr-FR","potentialAction":[{"@type":"ReadAction","target":["https:\/\/electronicfrance.com\/?product=toshiba-lcd241533dg-266902scm15"]}]},{"@type":"ImageObject","inLanguage":"fr-FR","@id":"https:\/\/electronicfrance.com\/?product=toshiba-lcd241533dg-266902scm15#primaryimage","url":"https:\/\/electronicfrance.com\/wp-content\/uploads\/2024\/07\/admin-ajax.jpg","contentUrl":"https:\/\/electronicfrance.com\/wp-content\/uploads\/2024\/07\/admin-ajax.jpg","width":424,"height":600},{"@type":"BreadcrumbList","@id":"https:\/\/electronicfrance.com\/?product=toshiba-lcd241533dg-266902scm15#breadcrumb","itemListElement":[{"@type":"ListItem","position":1,"name":"Accueil","item":"https:\/\/electronicfrance.com\/"},{"@type":"ListItem","position":2,"name":"Boutique","item":"https:\/\/electronicfrance.com\/?page_id=3853"},{"@type":"ListItem","position":3,"name":"TOSHIBA LCD241533DG (266902SCM15)"}]},{"@type":"WebSite","@id":"https:\/\/electronicfrance.com\/#website","url":"https:\/\/electronicfrance.com\/","name":"ElectronicFrance","description":"Meilleurs magasins \u00e9lectronique en France","publisher":{"@id":"https:\/\/electronicfrance.com\/#organization"},"potentialAction":[{"@type":"SearchAction","target":{"@type":"EntryPoint","urlTemplate":"https:\/\/electronicfrance.com\/?s={search_term_string}"},"query-input":{"@type":"PropertyValueSpecification","valueRequired":true,"valueName":"search_term_string"}}],"inLanguage":"fr-FR"},{"@type":"Organization","@id":"https:\/\/electronicfrance.com\/#organization","name":"Electronic France","url":"https:\/\/electronicfrance.com\/","logo":{"@type":"ImageObject","inLanguage":"fr-FR","@id":"https:\/\/electronicfrance.com\/#\/schema\/logo\/image\/","url":"https:\/\/electronicfrance.com\/wp-content\/uploads\/2023\/05\/Border-Bg-Final-1-e1685430270843.jpg","contentUrl":"https:\/\/electronicfrance.com\/wp-content\/uploads\/2023\/05\/Border-Bg-Final-1-e1685430270843.jpg","width":50,"height":40,"caption":"Electronic France"},"image":{"@id":"https:\/\/electronicfrance.com\/#\/schema\/logo\/image\/"}}]}},"_links":{"self":[{"href":"https:\/\/electronicfrance.com\/index.php?rest_route=\/wp\/v2\/product\/7187"}],"collection":[{"href":"https:\/\/electronicfrance.com\/index.php?rest_route=\/wp\/v2\/product"}],"about":[{"href":"https:\/\/electronicfrance.com\/index.php?rest_route=\/wp\/v2\/types\/product"}],"replies":[{"embeddable":true,"href":"https:\/\/electronicfrance.com\/index.php?rest_route=%2Fwp%2Fv2%2Fcomments&post=7187"}],"wp:featuredmedia":[{"embeddable":true,"href":"https:\/\/electronicfrance.com\/index.php?rest_route=\/wp\/v2\/media\/6975"}],"wp:attachment":[{"href":"https:\/\/electronicfrance.com\/index.php?rest_route=%2Fwp%2Fv2%2Fmedia&parent=7187"}],"wp:term":[{"taxonomy":"product_cat","embeddable":true,"href":"https:\/\/electronicfrance.com\/index.php?rest_route=%2Fwp%2Fv2%2Fproduct_cat&post=7187"},{"taxonomy":"product_tag","embeddable":true,"href":"https:\/\/electronicfrance.com\/index.php?rest_route=%2Fwp%2Fv2%2Fproduct_tag&post=7187"}],"curies":[{"name":"wp","href":"https:\/\/api.w.org\/{rel}","templated":true}]}}