{"id":6817,"date":"2024-07-08T12:47:34","date_gmt":"2024-07-08T12:47:34","guid":{"rendered":"https:\/\/electronicfrance.com\/?post_type=product&#038;p=6817"},"modified":"2024-07-10T12:38:40","modified_gmt":"2024-07-10T12:38:40","slug":"https-electronicfrance-com-productsamsung-55-q7f-bn44-00899-b-266692sca6-carte-alimentation-samsung-pas-cher-ici","status":"publish","type":"product","link":"https:\/\/electronicfrance.com\/?product=https-electronicfrance-com-productsamsung-55-q7f-bn44-00899-b-266692sca6-carte-alimentation-samsung-pas-cher-ici","title":{"rendered":"SAMSUNG 55 Q7F BN44-00899 B (266692SCA6)"},"content":{"rendered":"<h1>Carte Alimentation Samsung<\/h1>\n<h2>SAMSUNG 55 Q7F BN44-00899 B (266692SCA6)<\/h2>\n<h3>Etat: Occasion<\/h3>\n<h3><strong>Attention : toutes les cartes sont fonctionnelles, merci de bien diagnostiquer la panne, bien v\u00e9rifier la r\u00e9f\u00e9rence de la carte et celle de la t\u00e9l\u00e9 (ne pas commander pour une autre marque), assurez-vous que, les connectiques et les branchements sont identiques.<\/strong><\/h3>\n<p>&nbsp;<\/p>\n<p>&nbsp;<\/p>\n","protected":false},"excerpt":{"rendered":"<p>Carte Alimentation Samsung SAMSUNG 55 Q7F BN44-00899 B (266692SCA6) Etat: Occasion Attention : toutes les cartes sont fonctionnelles, merci de bien diagnostiquer la panne, bien v\u00e9rifier la r\u00e9f\u00e9rence de la<\/p>\n","protected":false},"featured_media":6481,"comment_status":"open","ping_status":"closed","template":"","meta":{"_acf_changed":false},"product_cat":[274,231,552,269],"product_tag":[829],"acf":[],"yoast_head":"<!-- This site is optimized with the Yoast SEO plugin v23.9 - https:\/\/yoast.com\/wordpress\/plugins\/seo\/ -->\n<title>Carte Alimentation Samsung : Pas Cher ici<\/title>\n<meta name=\"description\" content=\"Carte Alimentation Samsung : Pas Cher ici La carte m\u00e8re de la t\u00e9l\u00e9vision Samsung coordonne toutes les fonctions de l&#039;appareil.\" \/>\n<meta name=\"robots\" content=\"index, follow, max-snippet:-1, max-image-preview:large, max-video-preview:-1\" \/>\n<link rel=\"canonical\" href=\"https:\/\/electronicfrance.com\/?product=https-electronicfrance-com-productsamsung-55-q7f-bn44-00899-b-266692sca6-carte-alimentation-samsung-pas-cher-ici\" \/>\n<meta property=\"og:locale\" content=\"fr_FR\" \/>\n<meta property=\"og:type\" content=\"article\" \/>\n<meta property=\"og:title\" content=\"Carte Alimentation Samsung : Pas Cher ici\" \/>\n<meta property=\"og:description\" content=\"Carte Alimentation Samsung : Pas Cher ici La carte m\u00e8re de la t\u00e9l\u00e9vision Samsung coordonne toutes les fonctions de l&#039;appareil.\" \/>\n<meta property=\"og:url\" content=\"https:\/\/electronicfrance.com\/?product=https-electronicfrance-com-productsamsung-55-q7f-bn44-00899-b-266692sca6-carte-alimentation-samsung-pas-cher-ici\" \/>\n<meta property=\"og:site_name\" content=\"Electronic France\" \/>\n<meta property=\"article:modified_time\" content=\"2024-07-10T12:38:40+00:00\" \/>\n<meta property=\"og:image\" content=\"http:\/\/electronicfrance.com\/wp-content\/uploads\/2024\/06\/Design-sans-titre-4.jpg\" \/>\n\t<meta property=\"og:image:width\" content=\"1414\" \/>\n\t<meta property=\"og:image:height\" content=\"2000\" \/>\n\t<meta property=\"og:image:type\" content=\"image\/jpeg\" \/>\n<meta name=\"twitter:card\" content=\"summary_large_image\" \/>\n<meta name=\"twitter:label1\" content=\"Dur\u00e9e de lecture estim\u00e9e\" \/>\n\t<meta name=\"twitter:data1\" content=\"3 minutes\" \/>\n<script type=\"application\/ld+json\" class=\"yoast-schema-graph\">{\"@context\":\"https:\/\/schema.org\",\"@graph\":[{\"@type\":\"WebPage\",\"@id\":\"https:\/\/electronicfrance.com\/?product=https-electronicfrance-com-productsamsung-55-q7f-bn44-00899-b-266692sca6-carte-alimentation-samsung-pas-cher-ici\",\"url\":\"https:\/\/electronicfrance.com\/?product=https-electronicfrance-com-productsamsung-55-q7f-bn44-00899-b-266692sca6-carte-alimentation-samsung-pas-cher-ici\",\"name\":\"Carte Alimentation Samsung : Pas Cher ici\",\"isPartOf\":{\"@id\":\"https:\/\/electronicfrance.com\/#website\"},\"primaryImageOfPage\":{\"@id\":\"https:\/\/electronicfrance.com\/?product=https-electronicfrance-com-productsamsung-55-q7f-bn44-00899-b-266692sca6-carte-alimentation-samsung-pas-cher-ici#primaryimage\"},\"image\":{\"@id\":\"https:\/\/electronicfrance.com\/?product=https-electronicfrance-com-productsamsung-55-q7f-bn44-00899-b-266692sca6-carte-alimentation-samsung-pas-cher-ici#primaryimage\"},\"thumbnailUrl\":\"https:\/\/electronicfrance.com\/wp-content\/uploads\/2024\/06\/Design-sans-titre-4.jpg\",\"datePublished\":\"2024-07-08T12:47:34+00:00\",\"dateModified\":\"2024-07-10T12:38:40+00:00\",\"description\":\"Carte Alimentation Samsung : Pas Cher ici La carte m\u00e8re de la t\u00e9l\u00e9vision Samsung coordonne toutes les fonctions de l'appareil.\",\"breadcrumb\":{\"@id\":\"https:\/\/electronicfrance.com\/?product=https-electronicfrance-com-productsamsung-55-q7f-bn44-00899-b-266692sca6-carte-alimentation-samsung-pas-cher-ici#breadcrumb\"},\"inLanguage\":\"fr-FR\",\"potentialAction\":[{\"@type\":\"ReadAction\",\"target\":[\"https:\/\/electronicfrance.com\/?product=https-electronicfrance-com-productsamsung-55-q7f-bn44-00899-b-266692sca6-carte-alimentation-samsung-pas-cher-ici\"]}]},{\"@type\":\"ImageObject\",\"inLanguage\":\"fr-FR\",\"@id\":\"https:\/\/electronicfrance.com\/?product=https-electronicfrance-com-productsamsung-55-q7f-bn44-00899-b-266692sca6-carte-alimentation-samsung-pas-cher-ici#primaryimage\",\"url\":\"https:\/\/electronicfrance.com\/wp-content\/uploads\/2024\/06\/Design-sans-titre-4.jpg\",\"contentUrl\":\"https:\/\/electronicfrance.com\/wp-content\/uploads\/2024\/06\/Design-sans-titre-4.jpg\",\"width\":1414,\"height\":2000},{\"@type\":\"BreadcrumbList\",\"@id\":\"https:\/\/electronicfrance.com\/?product=https-electronicfrance-com-productsamsung-55-q7f-bn44-00899-b-266692sca6-carte-alimentation-samsung-pas-cher-ici#breadcrumb\",\"itemListElement\":[{\"@type\":\"ListItem\",\"position\":1,\"name\":\"Accueil\",\"item\":\"https:\/\/electronicfrance.com\/\"},{\"@type\":\"ListItem\",\"position\":2,\"name\":\"Boutique\",\"item\":\"https:\/\/electronicfrance.com\/?page_id=3853\"},{\"@type\":\"ListItem\",\"position\":3,\"name\":\"SAMSUNG 55 Q7F BN44-00899 B (266692SCA6)\"}]},{\"@type\":\"WebSite\",\"@id\":\"https:\/\/electronicfrance.com\/#website\",\"url\":\"https:\/\/electronicfrance.com\/\",\"name\":\"ElectronicFrance\",\"description\":\"Meilleurs magasins \u00e9lectronique en France\",\"publisher\":{\"@id\":\"https:\/\/electronicfrance.com\/#organization\"},\"potentialAction\":[{\"@type\":\"SearchAction\",\"target\":{\"@type\":\"EntryPoint\",\"urlTemplate\":\"https:\/\/electronicfrance.com\/?s={search_term_string}\"},\"query-input\":{\"@type\":\"PropertyValueSpecification\",\"valueRequired\":true,\"valueName\":\"search_term_string\"}}],\"inLanguage\":\"fr-FR\"},{\"@type\":\"Organization\",\"@id\":\"https:\/\/electronicfrance.com\/#organization\",\"name\":\"Electronic France\",\"url\":\"https:\/\/electronicfrance.com\/\",\"logo\":{\"@type\":\"ImageObject\",\"inLanguage\":\"fr-FR\",\"@id\":\"https:\/\/electronicfrance.com\/#\/schema\/logo\/image\/\",\"url\":\"https:\/\/electronicfrance.com\/wp-content\/uploads\/2023\/05\/Border-Bg-Final-1-e1685430270843.jpg\",\"contentUrl\":\"https:\/\/electronicfrance.com\/wp-content\/uploads\/2023\/05\/Border-Bg-Final-1-e1685430270843.jpg\",\"width\":50,\"height\":40,\"caption\":\"Electronic France\"},\"image\":{\"@id\":\"https:\/\/electronicfrance.com\/#\/schema\/logo\/image\/\"}}]}<\/script>\n<!-- \/ Yoast SEO plugin. -->","yoast_head_json":{"title":"Carte Alimentation Samsung : Pas Cher ici","description":"Carte Alimentation Samsung : Pas Cher ici La carte m\u00e8re de la t\u00e9l\u00e9vision Samsung coordonne toutes les fonctions de l'appareil.","robots":{"index":"index","follow":"follow","max-snippet":"max-snippet:-1","max-image-preview":"max-image-preview:large","max-video-preview":"max-video-preview:-1"},"canonical":"https:\/\/electronicfrance.com\/?product=https-electronicfrance-com-productsamsung-55-q7f-bn44-00899-b-266692sca6-carte-alimentation-samsung-pas-cher-ici","og_locale":"fr_FR","og_type":"article","og_title":"Carte Alimentation Samsung : Pas Cher ici","og_description":"Carte Alimentation Samsung : Pas Cher ici La carte m\u00e8re de la t\u00e9l\u00e9vision Samsung coordonne toutes les fonctions de l'appareil.","og_url":"https:\/\/electronicfrance.com\/?product=https-electronicfrance-com-productsamsung-55-q7f-bn44-00899-b-266692sca6-carte-alimentation-samsung-pas-cher-ici","og_site_name":"Electronic France","article_modified_time":"2024-07-10T12:38:40+00:00","og_image":[{"width":1414,"height":2000,"url":"http:\/\/electronicfrance.com\/wp-content\/uploads\/2024\/06\/Design-sans-titre-4.jpg","type":"image\/jpeg"}],"twitter_card":"summary_large_image","twitter_misc":{"Dur\u00e9e de lecture estim\u00e9e":"3 minutes"},"schema":{"@context":"https:\/\/schema.org","@graph":[{"@type":"WebPage","@id":"https:\/\/electronicfrance.com\/?product=https-electronicfrance-com-productsamsung-55-q7f-bn44-00899-b-266692sca6-carte-alimentation-samsung-pas-cher-ici","url":"https:\/\/electronicfrance.com\/?product=https-electronicfrance-com-productsamsung-55-q7f-bn44-00899-b-266692sca6-carte-alimentation-samsung-pas-cher-ici","name":"Carte Alimentation Samsung : Pas Cher ici","isPartOf":{"@id":"https:\/\/electronicfrance.com\/#website"},"primaryImageOfPage":{"@id":"https:\/\/electronicfrance.com\/?product=https-electronicfrance-com-productsamsung-55-q7f-bn44-00899-b-266692sca6-carte-alimentation-samsung-pas-cher-ici#primaryimage"},"image":{"@id":"https:\/\/electronicfrance.com\/?product=https-electronicfrance-com-productsamsung-55-q7f-bn44-00899-b-266692sca6-carte-alimentation-samsung-pas-cher-ici#primaryimage"},"thumbnailUrl":"https:\/\/electronicfrance.com\/wp-content\/uploads\/2024\/06\/Design-sans-titre-4.jpg","datePublished":"2024-07-08T12:47:34+00:00","dateModified":"2024-07-10T12:38:40+00:00","description":"Carte Alimentation Samsung : Pas Cher ici La carte m\u00e8re de la t\u00e9l\u00e9vision Samsung coordonne toutes les fonctions de l'appareil.","breadcrumb":{"@id":"https:\/\/electronicfrance.com\/?product=https-electronicfrance-com-productsamsung-55-q7f-bn44-00899-b-266692sca6-carte-alimentation-samsung-pas-cher-ici#breadcrumb"},"inLanguage":"fr-FR","potentialAction":[{"@type":"ReadAction","target":["https:\/\/electronicfrance.com\/?product=https-electronicfrance-com-productsamsung-55-q7f-bn44-00899-b-266692sca6-carte-alimentation-samsung-pas-cher-ici"]}]},{"@type":"ImageObject","inLanguage":"fr-FR","@id":"https:\/\/electronicfrance.com\/?product=https-electronicfrance-com-productsamsung-55-q7f-bn44-00899-b-266692sca6-carte-alimentation-samsung-pas-cher-ici#primaryimage","url":"https:\/\/electronicfrance.com\/wp-content\/uploads\/2024\/06\/Design-sans-titre-4.jpg","contentUrl":"https:\/\/electronicfrance.com\/wp-content\/uploads\/2024\/06\/Design-sans-titre-4.jpg","width":1414,"height":2000},{"@type":"BreadcrumbList","@id":"https:\/\/electronicfrance.com\/?product=https-electronicfrance-com-productsamsung-55-q7f-bn44-00899-b-266692sca6-carte-alimentation-samsung-pas-cher-ici#breadcrumb","itemListElement":[{"@type":"ListItem","position":1,"name":"Accueil","item":"https:\/\/electronicfrance.com\/"},{"@type":"ListItem","position":2,"name":"Boutique","item":"https:\/\/electronicfrance.com\/?page_id=3853"},{"@type":"ListItem","position":3,"name":"SAMSUNG 55 Q7F BN44-00899 B (266692SCA6)"}]},{"@type":"WebSite","@id":"https:\/\/electronicfrance.com\/#website","url":"https:\/\/electronicfrance.com\/","name":"ElectronicFrance","description":"Meilleurs magasins \u00e9lectronique en France","publisher":{"@id":"https:\/\/electronicfrance.com\/#organization"},"potentialAction":[{"@type":"SearchAction","target":{"@type":"EntryPoint","urlTemplate":"https:\/\/electronicfrance.com\/?s={search_term_string}"},"query-input":{"@type":"PropertyValueSpecification","valueRequired":true,"valueName":"search_term_string"}}],"inLanguage":"fr-FR"},{"@type":"Organization","@id":"https:\/\/electronicfrance.com\/#organization","name":"Electronic France","url":"https:\/\/electronicfrance.com\/","logo":{"@type":"ImageObject","inLanguage":"fr-FR","@id":"https:\/\/electronicfrance.com\/#\/schema\/logo\/image\/","url":"https:\/\/electronicfrance.com\/wp-content\/uploads\/2023\/05\/Border-Bg-Final-1-e1685430270843.jpg","contentUrl":"https:\/\/electronicfrance.com\/wp-content\/uploads\/2023\/05\/Border-Bg-Final-1-e1685430270843.jpg","width":50,"height":40,"caption":"Electronic France"},"image":{"@id":"https:\/\/electronicfrance.com\/#\/schema\/logo\/image\/"}}]}},"_links":{"self":[{"href":"https:\/\/electronicfrance.com\/index.php?rest_route=\/wp\/v2\/product\/6817"}],"collection":[{"href":"https:\/\/electronicfrance.com\/index.php?rest_route=\/wp\/v2\/product"}],"about":[{"href":"https:\/\/electronicfrance.com\/index.php?rest_route=\/wp\/v2\/types\/product"}],"replies":[{"embeddable":true,"href":"https:\/\/electronicfrance.com\/index.php?rest_route=%2Fwp%2Fv2%2Fcomments&post=6817"}],"wp:featuredmedia":[{"embeddable":true,"href":"https:\/\/electronicfrance.com\/index.php?rest_route=\/wp\/v2\/media\/6481"}],"wp:attachment":[{"href":"https:\/\/electronicfrance.com\/index.php?rest_route=%2Fwp%2Fv2%2Fmedia&parent=6817"}],"wp:term":[{"taxonomy":"product_cat","embeddable":true,"href":"https:\/\/electronicfrance.com\/index.php?rest_route=%2Fwp%2Fv2%2Fproduct_cat&post=6817"},{"taxonomy":"product_tag","embeddable":true,"href":"https:\/\/electronicfrance.com\/index.php?rest_route=%2Fwp%2Fv2%2Fproduct_tag&post=6817"}],"curies":[{"name":"wp","href":"https:\/\/api.w.org\/{rel}","templated":true}]}}