{"id":6378,"date":"2024-06-25T12:06:59","date_gmt":"2024-06-25T12:06:59","guid":{"rendered":"https:\/\/electronicfrance.com\/?post_type=product&#038;p=6378"},"modified":"2024-07-01T07:45:43","modified_gmt":"2024-07-01T07:45:43","slug":"phillips-pfl-5522d-12-plcd190p3-277169-fg-ca","status":"publish","type":"product","link":"https:\/\/electronicfrance.com\/?product=phillips-pfl-5522d-12-plcd190p3-277169-fg-ca","title":{"rendered":"PHILLIPS 32PFL5522D\/12 PLCD190P3 (277169-FG-CA)"},"content":{"rendered":"<p><strong>PHILLIPS PFL 5522D\/12 PLCD190P3 (277169-FG-CA)<\/strong><\/p>\n<p>Etat: Occasion<\/p>\n<p><strong>Attention : toutes les cartes sont fonctionnelles, merci de bien diagnostiquer la panne, bien v\u00e9rifier la r\u00e9f\u00e9rence de la carte et celle de la t\u00e9l\u00e9 (ne pas commander pour une autre marque), assurez-vous que, les connectiques et les branchements sont identiques.<\/strong><\/p>\n","protected":false},"excerpt":{"rendered":"<p>PHILLIPS PFL 5522D\/12 PLCD190P3 (277169-FG-CA) Etat: Occasion Attention : toutes les cartes sont fonctionnelles, merci de bien diagnostiquer la panne, bien v\u00e9rifier la r\u00e9f\u00e9rence de la carte et celle de<\/p>\n","protected":false},"featured_media":6265,"comment_status":"open","ping_status":"closed","template":"","meta":{"_acf_changed":false},"product_cat":[274,560,231,269],"product_tag":[432],"acf":[],"yoast_head":"<!-- This site is optimized with the Yoast SEO plugin v23.9 - https:\/\/yoast.com\/wordpress\/plugins\/seo\/ -->\n<title>PHILLIPS 32PFL5522D\/12 PLCD190P3 (277169-FG-CA) &#8211; Electronic France<\/title>\n<meta name=\"robots\" content=\"index, follow, max-snippet:-1, max-image-preview:large, max-video-preview:-1\" \/>\n<link rel=\"canonical\" href=\"https:\/\/electronicfrance.com\/?product=phillips-pfl-5522d-12-plcd190p3-277169-fg-ca\" \/>\n<meta property=\"og:locale\" content=\"fr_FR\" \/>\n<meta property=\"og:type\" content=\"article\" \/>\n<meta property=\"og:title\" content=\"PHILLIPS 32PFL5522D\/12 PLCD190P3 (277169-FG-CA) &#8211; Electronic France\" \/>\n<meta property=\"og:description\" content=\"PHILLIPS PFL 5522D\/12 PLCD190P3 (277169-FG-CA) Etat: Occasion Attention : toutes les cartes sont fonctionnelles, merci de bien diagnostiquer la panne, bien v\u00e9rifier la r\u00e9f\u00e9rence de la carte et celle de\" \/>\n<meta property=\"og:url\" content=\"https:\/\/electronicfrance.com\/?product=phillips-pfl-5522d-12-plcd190p3-277169-fg-ca\" \/>\n<meta property=\"og:site_name\" content=\"Electronic France\" \/>\n<meta property=\"article:modified_time\" content=\"2024-07-01T07:45:43+00:00\" \/>\n<meta property=\"og:image\" content=\"https:\/\/electronicfrance.com\/wp-content\/uploads\/2024\/06\/photos-a-venir-1.jpg\" \/>\n\t<meta property=\"og:image:width\" content=\"800\" \/>\n\t<meta property=\"og:image:height\" content=\"800\" \/>\n\t<meta property=\"og:image:type\" content=\"image\/jpeg\" \/>\n<meta name=\"twitter:card\" content=\"summary_large_image\" \/>\n<script type=\"application\/ld+json\" class=\"yoast-schema-graph\">{\"@context\":\"https:\/\/schema.org\",\"@graph\":[{\"@type\":\"WebPage\",\"@id\":\"https:\/\/electronicfrance.com\/?product=phillips-pfl-5522d-12-plcd190p3-277169-fg-ca\",\"url\":\"https:\/\/electronicfrance.com\/?product=phillips-pfl-5522d-12-plcd190p3-277169-fg-ca\",\"name\":\"PHILLIPS 32PFL5522D\/12 PLCD190P3 (277169-FG-CA) &#8211; Electronic France\",\"isPartOf\":{\"@id\":\"https:\/\/electronicfrance.com\/#website\"},\"primaryImageOfPage\":{\"@id\":\"https:\/\/electronicfrance.com\/?product=phillips-pfl-5522d-12-plcd190p3-277169-fg-ca#primaryimage\"},\"image\":{\"@id\":\"https:\/\/electronicfrance.com\/?product=phillips-pfl-5522d-12-plcd190p3-277169-fg-ca#primaryimage\"},\"thumbnailUrl\":\"https:\/\/electronicfrance.com\/wp-content\/uploads\/2024\/06\/photos-a-venir-1.jpg\",\"datePublished\":\"2024-06-25T12:06:59+00:00\",\"dateModified\":\"2024-07-01T07:45:43+00:00\",\"breadcrumb\":{\"@id\":\"https:\/\/electronicfrance.com\/?product=phillips-pfl-5522d-12-plcd190p3-277169-fg-ca#breadcrumb\"},\"inLanguage\":\"fr-FR\",\"potentialAction\":[{\"@type\":\"ReadAction\",\"target\":[\"https:\/\/electronicfrance.com\/?product=phillips-pfl-5522d-12-plcd190p3-277169-fg-ca\"]}]},{\"@type\":\"ImageObject\",\"inLanguage\":\"fr-FR\",\"@id\":\"https:\/\/electronicfrance.com\/?product=phillips-pfl-5522d-12-plcd190p3-277169-fg-ca#primaryimage\",\"url\":\"https:\/\/electronicfrance.com\/wp-content\/uploads\/2024\/06\/photos-a-venir-1.jpg\",\"contentUrl\":\"https:\/\/electronicfrance.com\/wp-content\/uploads\/2024\/06\/photos-a-venir-1.jpg\",\"width\":800,\"height\":800},{\"@type\":\"BreadcrumbList\",\"@id\":\"https:\/\/electronicfrance.com\/?product=phillips-pfl-5522d-12-plcd190p3-277169-fg-ca#breadcrumb\",\"itemListElement\":[{\"@type\":\"ListItem\",\"position\":1,\"name\":\"Accueil\",\"item\":\"https:\/\/electronicfrance.com\/\"},{\"@type\":\"ListItem\",\"position\":2,\"name\":\"Boutique\",\"item\":\"https:\/\/electronicfrance.com\/?page_id=3853\"},{\"@type\":\"ListItem\",\"position\":3,\"name\":\"PHILLIPS 32PFL5522D\/12 PLCD190P3 (277169-FG-CA)\"}]},{\"@type\":\"WebSite\",\"@id\":\"https:\/\/electronicfrance.com\/#website\",\"url\":\"https:\/\/electronicfrance.com\/\",\"name\":\"ElectronicFrance\",\"description\":\"Meilleurs magasins \u00e9lectronique en France\",\"publisher\":{\"@id\":\"https:\/\/electronicfrance.com\/#organization\"},\"potentialAction\":[{\"@type\":\"SearchAction\",\"target\":{\"@type\":\"EntryPoint\",\"urlTemplate\":\"https:\/\/electronicfrance.com\/?s={search_term_string}\"},\"query-input\":{\"@type\":\"PropertyValueSpecification\",\"valueRequired\":true,\"valueName\":\"search_term_string\"}}],\"inLanguage\":\"fr-FR\"},{\"@type\":\"Organization\",\"@id\":\"https:\/\/electronicfrance.com\/#organization\",\"name\":\"Electronic France\",\"url\":\"https:\/\/electronicfrance.com\/\",\"logo\":{\"@type\":\"ImageObject\",\"inLanguage\":\"fr-FR\",\"@id\":\"https:\/\/electronicfrance.com\/#\/schema\/logo\/image\/\",\"url\":\"https:\/\/electronicfrance.com\/wp-content\/uploads\/2023\/05\/Border-Bg-Final-1-e1685430270843.jpg\",\"contentUrl\":\"https:\/\/electronicfrance.com\/wp-content\/uploads\/2023\/05\/Border-Bg-Final-1-e1685430270843.jpg\",\"width\":50,\"height\":40,\"caption\":\"Electronic France\"},\"image\":{\"@id\":\"https:\/\/electronicfrance.com\/#\/schema\/logo\/image\/\"}}]}<\/script>\n<!-- \/ Yoast SEO plugin. -->","yoast_head_json":{"title":"PHILLIPS 32PFL5522D\/12 PLCD190P3 (277169-FG-CA) &#8211; Electronic France","robots":{"index":"index","follow":"follow","max-snippet":"max-snippet:-1","max-image-preview":"max-image-preview:large","max-video-preview":"max-video-preview:-1"},"canonical":"https:\/\/electronicfrance.com\/?product=phillips-pfl-5522d-12-plcd190p3-277169-fg-ca","og_locale":"fr_FR","og_type":"article","og_title":"PHILLIPS 32PFL5522D\/12 PLCD190P3 (277169-FG-CA) &#8211; Electronic France","og_description":"PHILLIPS PFL 5522D\/12 PLCD190P3 (277169-FG-CA) Etat: Occasion Attention : toutes les cartes sont fonctionnelles, merci de bien diagnostiquer la panne, bien v\u00e9rifier la r\u00e9f\u00e9rence de la carte et celle de","og_url":"https:\/\/electronicfrance.com\/?product=phillips-pfl-5522d-12-plcd190p3-277169-fg-ca","og_site_name":"Electronic France","article_modified_time":"2024-07-01T07:45:43+00:00","og_image":[{"width":800,"height":800,"url":"https:\/\/electronicfrance.com\/wp-content\/uploads\/2024\/06\/photos-a-venir-1.jpg","type":"image\/jpeg"}],"twitter_card":"summary_large_image","schema":{"@context":"https:\/\/schema.org","@graph":[{"@type":"WebPage","@id":"https:\/\/electronicfrance.com\/?product=phillips-pfl-5522d-12-plcd190p3-277169-fg-ca","url":"https:\/\/electronicfrance.com\/?product=phillips-pfl-5522d-12-plcd190p3-277169-fg-ca","name":"PHILLIPS 32PFL5522D\/12 PLCD190P3 (277169-FG-CA) &#8211; Electronic France","isPartOf":{"@id":"https:\/\/electronicfrance.com\/#website"},"primaryImageOfPage":{"@id":"https:\/\/electronicfrance.com\/?product=phillips-pfl-5522d-12-plcd190p3-277169-fg-ca#primaryimage"},"image":{"@id":"https:\/\/electronicfrance.com\/?product=phillips-pfl-5522d-12-plcd190p3-277169-fg-ca#primaryimage"},"thumbnailUrl":"https:\/\/electronicfrance.com\/wp-content\/uploads\/2024\/06\/photos-a-venir-1.jpg","datePublished":"2024-06-25T12:06:59+00:00","dateModified":"2024-07-01T07:45:43+00:00","breadcrumb":{"@id":"https:\/\/electronicfrance.com\/?product=phillips-pfl-5522d-12-plcd190p3-277169-fg-ca#breadcrumb"},"inLanguage":"fr-FR","potentialAction":[{"@type":"ReadAction","target":["https:\/\/electronicfrance.com\/?product=phillips-pfl-5522d-12-plcd190p3-277169-fg-ca"]}]},{"@type":"ImageObject","inLanguage":"fr-FR","@id":"https:\/\/electronicfrance.com\/?product=phillips-pfl-5522d-12-plcd190p3-277169-fg-ca#primaryimage","url":"https:\/\/electronicfrance.com\/wp-content\/uploads\/2024\/06\/photos-a-venir-1.jpg","contentUrl":"https:\/\/electronicfrance.com\/wp-content\/uploads\/2024\/06\/photos-a-venir-1.jpg","width":800,"height":800},{"@type":"BreadcrumbList","@id":"https:\/\/electronicfrance.com\/?product=phillips-pfl-5522d-12-plcd190p3-277169-fg-ca#breadcrumb","itemListElement":[{"@type":"ListItem","position":1,"name":"Accueil","item":"https:\/\/electronicfrance.com\/"},{"@type":"ListItem","position":2,"name":"Boutique","item":"https:\/\/electronicfrance.com\/?page_id=3853"},{"@type":"ListItem","position":3,"name":"PHILLIPS 32PFL5522D\/12 PLCD190P3 (277169-FG-CA)"}]},{"@type":"WebSite","@id":"https:\/\/electronicfrance.com\/#website","url":"https:\/\/electronicfrance.com\/","name":"ElectronicFrance","description":"Meilleurs magasins \u00e9lectronique en France","publisher":{"@id":"https:\/\/electronicfrance.com\/#organization"},"potentialAction":[{"@type":"SearchAction","target":{"@type":"EntryPoint","urlTemplate":"https:\/\/electronicfrance.com\/?s={search_term_string}"},"query-input":{"@type":"PropertyValueSpecification","valueRequired":true,"valueName":"search_term_string"}}],"inLanguage":"fr-FR"},{"@type":"Organization","@id":"https:\/\/electronicfrance.com\/#organization","name":"Electronic France","url":"https:\/\/electronicfrance.com\/","logo":{"@type":"ImageObject","inLanguage":"fr-FR","@id":"https:\/\/electronicfrance.com\/#\/schema\/logo\/image\/","url":"https:\/\/electronicfrance.com\/wp-content\/uploads\/2023\/05\/Border-Bg-Final-1-e1685430270843.jpg","contentUrl":"https:\/\/electronicfrance.com\/wp-content\/uploads\/2023\/05\/Border-Bg-Final-1-e1685430270843.jpg","width":50,"height":40,"caption":"Electronic France"},"image":{"@id":"https:\/\/electronicfrance.com\/#\/schema\/logo\/image\/"}}]}},"_links":{"self":[{"href":"https:\/\/electronicfrance.com\/index.php?rest_route=\/wp\/v2\/product\/6378"}],"collection":[{"href":"https:\/\/electronicfrance.com\/index.php?rest_route=\/wp\/v2\/product"}],"about":[{"href":"https:\/\/electronicfrance.com\/index.php?rest_route=\/wp\/v2\/types\/product"}],"replies":[{"embeddable":true,"href":"https:\/\/electronicfrance.com\/index.php?rest_route=%2Fwp%2Fv2%2Fcomments&post=6378"}],"wp:featuredmedia":[{"embeddable":true,"href":"https:\/\/electronicfrance.com\/index.php?rest_route=\/wp\/v2\/media\/6265"}],"wp:attachment":[{"href":"https:\/\/electronicfrance.com\/index.php?rest_route=%2Fwp%2Fv2%2Fmedia&parent=6378"}],"wp:term":[{"taxonomy":"product_cat","embeddable":true,"href":"https:\/\/electronicfrance.com\/index.php?rest_route=%2Fwp%2Fv2%2Fproduct_cat&post=6378"},{"taxonomy":"product_tag","embeddable":true,"href":"https:\/\/electronicfrance.com\/index.php?rest_route=%2Fwp%2Fv2%2Fproduct_tag&post=6378"}],"curies":[{"name":"wp","href":"https:\/\/api.w.org\/{rel}","templated":true}]}}