{"id":5382,"date":"2023-05-27T08:49:36","date_gmt":"2023-05-27T08:49:36","guid":{"rendered":"https:\/\/electronicfrance.com\/?page_id=5382"},"modified":"2023-07-07T08:25:58","modified_gmt":"2023-07-07T08:25:58","slug":"notre-service","status":"publish","type":"page","link":"https:\/\/electronicfrance.com\/?page_id=5382","title":{"rendered":"NOS SERVICES"},"content":{"rendered":"\t\t<div data-elementor-type=\"wp-page\" data-elementor-id=\"5382\" class=\"elementor elementor-5382\">\n\t\t\t\t\t\t<section class=\"elementor-section elementor-top-section elementor-element elementor-element-4dde8284 elementor-section-boxed elementor-section-height-default elementor-section-height-default\" data-id=\"4dde8284\" data-element_type=\"section\">\n\t\t\t\t\t\t<div class=\"elementor-container elementor-column-gap-default\">\n\t\t\t\t\t<div class=\"elementor-column elementor-col-100 elementor-top-column elementor-element elementor-element-31b6e9f1\" data-id=\"31b6e9f1\" data-element_type=\"column\">\n\t\t\t<div class=\"elementor-widget-wrap elementor-element-populated\">\n\t\t\t\t\t\t<div class=\"elementor-element elementor-element-77c9bde elementor-widget elementor-widget-heading\" data-id=\"77c9bde\" data-element_type=\"widget\" data-widget_type=\"heading.default\">\n\t\t\t\t<div class=\"elementor-widget-container\">\n\t\t\t\t\t<h2 class=\"elementor-heading-title elementor-size-default\">NOS SERVICES<\/h2>\t\t\t\t<\/div>\n\t\t\t\t<\/div>\n\t\t\t\t<div class=\"elementor-element elementor-element-5d7826df elementor-widget elementor-widget-text-editor\" data-id=\"5d7826df\" data-element_type=\"widget\" data-widget_type=\"text-editor.default\">\n\t\t\t\t<div class=\"elementor-widget-container\">\n\t\t\t\t\t\t\t\t\t<h2><\/h2>\n<p class=\"has-medium-font-size\"><strong>\u2026 <\/strong>\u00a0Nous sommes \u00e0 votre disposition pour tous vos probl\u00e8mes techniques.<\/p>\n\n<p class=\"has-medium-font-size\"><strong>\u2026<\/strong> \u00a0Un Service Technique dans nos ateliers<\/p>\n\n<p class=\"has-medium-font-size\"><strong>\u2026<\/strong>\u00a0 Diagnostique de tous vos appareils \u00e9lectroniques<\/p>\n\n<p class=\"has-medium-font-size\"><strong>\u2026<\/strong>\u00a0 Ventes de PC Portables, Tablettes, Tv, HIFI<\/p>\n\n<p class=\"has-medium-font-size\"><strong>\u2026<\/strong>\u00a0 (Amplification et lecteurs<strong>), <\/strong>smartphones recycler<\/p>\n\n<p class=\"has-medium-font-size\"><strong>\u2026 \u00a0<\/strong>Participation \u00e0 la baisse des empreintes Carbonne gr\u00e2ce au recyclage par nos soins.<\/p>\n\n<h2 class=\"has-medium-font-size\"><strong>\u2026 \u00a0Plateforme de vente\u00a0:<\/strong><\/h2>\n\n<p class=\"has-medium-font-size\">Pi\u00e8ces et composant \u00e9lectronique pour tout appareils HIFI, TV leds, \u00e9cran de\u00a0\u00a0 tablettes et portables, pi\u00e8ces d\u00e9tach\u00e9e \u00e9lectrom\u00e9nager. Plus de 50000 r\u00e9f\u00e9rences De tous appareils \u00e9lectroniques sur notre plateforme d\u00e9dier.<\/p>\n\n<p class=\"has-medium-font-size\"><strong>\u2026 Service Professionnel *<\/strong> Intervention sur votre parc H\u00f4tellerie , \u00e9crans publicitaires entretien annuelles\u00a0\u00a0 (*nous consulter)<\/p>\n\t\t\t\t\t\t\t\t<\/div>\n\t\t\t\t<\/div>\n\t\t\t\t\t<\/div>\n\t\t<\/div>\n\t\t\t\t\t<\/div>\n\t\t<\/section>\n\t\t\t\t<\/div>\n\t\t","protected":false},"excerpt":{"rendered":"<p>NOS SERVICES \u2026 \u00a0Nous sommes \u00e0 votre disposition pour tous vos probl\u00e8mes techniques. \u2026 \u00a0Un Service Technique dans nos ateliers \u2026\u00a0 Diagnostique de tous vos appareils \u00e9lectroniques \u2026\u00a0 Ventes de<\/p>\n","protected":false},"author":1,"featured_media":0,"parent":0,"menu_order":0,"comment_status":"closed","ping_status":"closed","template":"","meta":{"_acf_changed":false,"footnotes":""},"acf":[],"yoast_head":"<!-- This site is optimized with the Yoast SEO plugin v23.9 - https:\/\/yoast.com\/wordpress\/plugins\/seo\/ -->\n<title>NOS SERVICES &#8211; Electronic France<\/title>\n<meta name=\"robots\" content=\"noindex, follow\" \/>\n<meta property=\"og:locale\" content=\"fr_FR\" \/>\n<meta property=\"og:type\" content=\"article\" \/>\n<meta property=\"og:title\" content=\"NOS SERVICES &#8211; Electronic France\" \/>\n<meta property=\"og:description\" content=\"NOS SERVICES \u2026 \u00a0Nous sommes \u00e0 votre disposition pour tous vos probl\u00e8mes techniques. \u2026 \u00a0Un Service Technique dans nos ateliers \u2026\u00a0 Diagnostique de tous vos appareils \u00e9lectroniques \u2026\u00a0 Ventes de\" \/>\n<meta property=\"og:url\" content=\"https:\/\/electronicfrance.com\/?page_id=5382\" \/>\n<meta property=\"og:site_name\" content=\"Electronic France\" \/>\n<meta property=\"article:modified_time\" content=\"2023-07-07T08:25:58+00:00\" \/>\n<meta property=\"og:image\" content=\"https:\/\/electronicfrance.com\/wp-content\/uploads\/2024\/07\/Original-FInal1.jpg\" \/>\n\t<meta property=\"og:image:width\" content=\"1000\" \/>\n\t<meta property=\"og:image:height\" content=\"800\" \/>\n\t<meta property=\"og:image:type\" content=\"image\/jpeg\" \/>\n<meta name=\"twitter:card\" content=\"summary_large_image\" \/>\n<meta name=\"twitter:label1\" content=\"Dur\u00e9e de lecture estim\u00e9e\" \/>\n\t<meta name=\"twitter:data1\" content=\"1 minute\" \/>\n<script type=\"application\/ld+json\" class=\"yoast-schema-graph\">{\"@context\":\"https:\/\/schema.org\",\"@graph\":[{\"@type\":\"WebPage\",\"@id\":\"https:\/\/electronicfrance.com\/?page_id=5382\",\"url\":\"https:\/\/electronicfrance.com\/?page_id=5382\",\"name\":\"NOS SERVICES &#8211; Electronic France\",\"isPartOf\":{\"@id\":\"https:\/\/electronicfrance.com\/#website\"},\"datePublished\":\"2023-05-27T08:49:36+00:00\",\"dateModified\":\"2023-07-07T08:25:58+00:00\",\"breadcrumb\":{\"@id\":\"https:\/\/electronicfrance.com\/?page_id=5382#breadcrumb\"},\"inLanguage\":\"fr-FR\",\"potentialAction\":[{\"@type\":\"ReadAction\",\"target\":[\"https:\/\/electronicfrance.com\/?page_id=5382\"]}]},{\"@type\":\"BreadcrumbList\",\"@id\":\"https:\/\/electronicfrance.com\/?page_id=5382#breadcrumb\",\"itemListElement\":[{\"@type\":\"ListItem\",\"position\":1,\"name\":\"Accueil\",\"item\":\"https:\/\/electronicfrance.com\/\"},{\"@type\":\"ListItem\",\"position\":2,\"name\":\"NOS SERVICES\"}]},{\"@type\":\"WebSite\",\"@id\":\"https:\/\/electronicfrance.com\/#website\",\"url\":\"https:\/\/electronicfrance.com\/\",\"name\":\"ElectronicFrance\",\"description\":\"Meilleurs magasins \u00e9lectronique en France\",\"publisher\":{\"@id\":\"https:\/\/electronicfrance.com\/#organization\"},\"potentialAction\":[{\"@type\":\"SearchAction\",\"target\":{\"@type\":\"EntryPoint\",\"urlTemplate\":\"https:\/\/electronicfrance.com\/?s={search_term_string}\"},\"query-input\":{\"@type\":\"PropertyValueSpecification\",\"valueRequired\":true,\"valueName\":\"search_term_string\"}}],\"inLanguage\":\"fr-FR\"},{\"@type\":\"Organization\",\"@id\":\"https:\/\/electronicfrance.com\/#organization\",\"name\":\"Electronic France\",\"url\":\"https:\/\/electronicfrance.com\/\",\"logo\":{\"@type\":\"ImageObject\",\"inLanguage\":\"fr-FR\",\"@id\":\"https:\/\/electronicfrance.com\/#\/schema\/logo\/image\/\",\"url\":\"https:\/\/electronicfrance.com\/wp-content\/uploads\/2023\/05\/Border-Bg-Final-1-e1685430270843.jpg\",\"contentUrl\":\"https:\/\/electronicfrance.com\/wp-content\/uploads\/2023\/05\/Border-Bg-Final-1-e1685430270843.jpg\",\"width\":50,\"height\":40,\"caption\":\"Electronic France\"},\"image\":{\"@id\":\"https:\/\/electronicfrance.com\/#\/schema\/logo\/image\/\"}}]}<\/script>\n<!-- \/ Yoast SEO plugin. -->","yoast_head_json":{"title":"NOS SERVICES &#8211; Electronic France","robots":{"index":"noindex","follow":"follow"},"og_locale":"fr_FR","og_type":"article","og_title":"NOS SERVICES &#8211; Electronic France","og_description":"NOS SERVICES \u2026 \u00a0Nous sommes \u00e0 votre disposition pour tous vos probl\u00e8mes techniques. \u2026 \u00a0Un Service Technique dans nos ateliers \u2026\u00a0 Diagnostique de tous vos appareils \u00e9lectroniques \u2026\u00a0 Ventes de","og_url":"https:\/\/electronicfrance.com\/?page_id=5382","og_site_name":"Electronic France","article_modified_time":"2023-07-07T08:25:58+00:00","og_image":[{"width":1000,"height":800,"url":"https:\/\/electronicfrance.com\/wp-content\/uploads\/2024\/07\/Original-FInal1.jpg","type":"image\/jpeg"}],"twitter_card":"summary_large_image","twitter_misc":{"Dur\u00e9e de lecture estim\u00e9e":"1 minute"},"schema":{"@context":"https:\/\/schema.org","@graph":[{"@type":"WebPage","@id":"https:\/\/electronicfrance.com\/?page_id=5382","url":"https:\/\/electronicfrance.com\/?page_id=5382","name":"NOS SERVICES &#8211; Electronic France","isPartOf":{"@id":"https:\/\/electronicfrance.com\/#website"},"datePublished":"2023-05-27T08:49:36+00:00","dateModified":"2023-07-07T08:25:58+00:00","breadcrumb":{"@id":"https:\/\/electronicfrance.com\/?page_id=5382#breadcrumb"},"inLanguage":"fr-FR","potentialAction":[{"@type":"ReadAction","target":["https:\/\/electronicfrance.com\/?page_id=5382"]}]},{"@type":"BreadcrumbList","@id":"https:\/\/electronicfrance.com\/?page_id=5382#breadcrumb","itemListElement":[{"@type":"ListItem","position":1,"name":"Accueil","item":"https:\/\/electronicfrance.com\/"},{"@type":"ListItem","position":2,"name":"NOS SERVICES"}]},{"@type":"WebSite","@id":"https:\/\/electronicfrance.com\/#website","url":"https:\/\/electronicfrance.com\/","name":"ElectronicFrance","description":"Meilleurs magasins \u00e9lectronique en France","publisher":{"@id":"https:\/\/electronicfrance.com\/#organization"},"potentialAction":[{"@type":"SearchAction","target":{"@type":"EntryPoint","urlTemplate":"https:\/\/electronicfrance.com\/?s={search_term_string}"},"query-input":{"@type":"PropertyValueSpecification","valueRequired":true,"valueName":"search_term_string"}}],"inLanguage":"fr-FR"},{"@type":"Organization","@id":"https:\/\/electronicfrance.com\/#organization","name":"Electronic France","url":"https:\/\/electronicfrance.com\/","logo":{"@type":"ImageObject","inLanguage":"fr-FR","@id":"https:\/\/electronicfrance.com\/#\/schema\/logo\/image\/","url":"https:\/\/electronicfrance.com\/wp-content\/uploads\/2023\/05\/Border-Bg-Final-1-e1685430270843.jpg","contentUrl":"https:\/\/electronicfrance.com\/wp-content\/uploads\/2023\/05\/Border-Bg-Final-1-e1685430270843.jpg","width":50,"height":40,"caption":"Electronic France"},"image":{"@id":"https:\/\/electronicfrance.com\/#\/schema\/logo\/image\/"}}]}},"_links":{"self":[{"href":"https:\/\/electronicfrance.com\/index.php?rest_route=\/wp\/v2\/pages\/5382"}],"collection":[{"href":"https:\/\/electronicfrance.com\/index.php?rest_route=\/wp\/v2\/pages"}],"about":[{"href":"https:\/\/electronicfrance.com\/index.php?rest_route=\/wp\/v2\/types\/page"}],"author":[{"embeddable":true,"href":"https:\/\/electronicfrance.com\/index.php?rest_route=\/wp\/v2\/users\/1"}],"replies":[{"embeddable":true,"href":"https:\/\/electronicfrance.com\/index.php?rest_route=%2Fwp%2Fv2%2Fcomments&post=5382"}],"version-history":[{"count":15,"href":"https:\/\/electronicfrance.com\/index.php?rest_route=\/wp\/v2\/pages\/5382\/revisions"}],"predecessor-version":[{"id":5768,"href":"https:\/\/electronicfrance.com\/index.php?rest_route=\/wp\/v2\/pages\/5382\/revisions\/5768"}],"wp:attachment":[{"href":"https:\/\/electronicfrance.com\/index.php?rest_route=%2Fwp%2Fv2%2Fmedia&parent=5382"}],"curies":[{"name":"wp","href":"https:\/\/api.w.org\/{rel}","templated":true}]}}