{"id":5380,"date":"2023-05-27T08:49:36","date_gmt":"2023-05-27T08:49:36","guid":{"rendered":"https:\/\/electronicfrance.com\/?page_id=5380"},"modified":"2023-07-07T08:17:54","modified_gmt":"2023-07-07T08:17:54","slug":"a-propos-de-nous","status":"publish","type":"page","link":"https:\/\/electronicfrance.com\/?page_id=5380","title":{"rendered":"\u00c0 propos de nous"},"content":{"rendered":"\t\t<div data-elementor-type=\"wp-page\" data-elementor-id=\"5380\" class=\"elementor elementor-5380\">\n\t\t\t\t\t\t<section class=\"elementor-section elementor-top-section elementor-element elementor-element-8784d5c elementor-section-boxed elementor-section-height-default elementor-section-height-default\" data-id=\"8784d5c\" data-element_type=\"section\">\n\t\t\t\t\t\t<div class=\"elementor-container elementor-column-gap-default\">\n\t\t\t\t\t<div class=\"elementor-column elementor-col-100 elementor-top-column elementor-element elementor-element-d6a0689\" data-id=\"d6a0689\" data-element_type=\"column\">\n\t\t\t<div class=\"elementor-widget-wrap elementor-element-populated\">\n\t\t\t\t\t\t<div class=\"elementor-element elementor-element-a55e46e elementor-widget elementor-widget-heading\" data-id=\"a55e46e\" data-element_type=\"widget\" data-widget_type=\"heading.default\">\n\t\t\t\t<div class=\"elementor-widget-container\">\n\t\t\t\t\t<h2 class=\"elementor-heading-title elementor-size-default\">\u00c0 propos de nous<\/h2>\t\t\t\t<\/div>\n\t\t\t\t<\/div>\n\t\t\t\t<div class=\"elementor-element elementor-element-425452e elementor-widget elementor-widget-text-editor\" data-id=\"425452e\" data-element_type=\"widget\" data-widget_type=\"text-editor.default\">\n\t\t\t\t<div class=\"elementor-widget-container\">\n\t\t\t\t\t\t\t\t\t<p>\u00a0 \u00a0 \u00a0 \u00a0 \u00a0Bienvenue chez ELECTRONIC FRANCE. Nous sommes sp\u00e9cialistes sur tous ce qui concerne les produits \u00e9lectroniques T\u00e9l\u00e9visions, les ordinateurs portables, les smartphones, toutes pi\u00e8ces d\u00e9tach\u00e9es pour les produits \u00e9lectrom\u00e9nagers, TV, Hifi, accessoires.<\/p><p>\u00a0 \u00a0 \u00a0 \u00a0 \u00a0Fond\u00e9e en 2016, ELECTRONIC FRANCE installer \u00e0 Cormeilles en Parisis en r\u00e9gion Parisienne, nous poss\u00e9dons une haute exp\u00e9rience dans le domaine \u00e9lectronique de haute pr\u00e9cision notamment la micro soudure \u00e9laborer par nos soins, une satisfaction que nous partageons partout en France avec une client\u00e8le de professionnels et publique avec passion<\/p>\t\t\t\t\t\t\t\t<\/div>\n\t\t\t\t<\/div>\n\t\t\t\t\t<\/div>\n\t\t<\/div>\n\t\t\t\t\t<\/div>\n\t\t<\/section>\n\t\t\t\t<\/div>\n\t\t","protected":false},"excerpt":{"rendered":"<p>\u00c0 propos de nous \u00a0 \u00a0 \u00a0 \u00a0 \u00a0Bienvenue chez ELECTRONIC FRANCE. Nous sommes sp\u00e9cialistes sur tous ce qui concerne les produits \u00e9lectroniques T\u00e9l\u00e9visions, les ordinateurs portables, les smartphones, toutes<\/p>\n","protected":false},"author":1,"featured_media":0,"parent":0,"menu_order":0,"comment_status":"closed","ping_status":"closed","template":"","meta":{"_acf_changed":false,"footnotes":""},"acf":[],"yoast_head":"<!-- This site is optimized with the Yoast SEO plugin v23.9 - https:\/\/yoast.com\/wordpress\/plugins\/seo\/ -->\n<title>\u00c0 propos de nous &#8211; Electronic France<\/title>\n<meta name=\"robots\" content=\"noindex, follow\" \/>\n<meta property=\"og:locale\" content=\"fr_FR\" \/>\n<meta property=\"og:type\" content=\"article\" \/>\n<meta property=\"og:title\" content=\"\u00c0 propos de nous &#8211; Electronic France\" \/>\n<meta property=\"og:description\" content=\"\u00c0 propos de nous \u00a0 \u00a0 \u00a0 \u00a0 \u00a0Bienvenue chez ELECTRONIC FRANCE. Nous sommes sp\u00e9cialistes sur tous ce qui concerne les produits \u00e9lectroniques T\u00e9l\u00e9visions, les ordinateurs portables, les smartphones, toutes\" \/>\n<meta property=\"og:url\" content=\"https:\/\/electronicfrance.com\/?page_id=5380\" \/>\n<meta property=\"og:site_name\" content=\"Electronic France\" \/>\n<meta property=\"article:modified_time\" content=\"2023-07-07T08:17:54+00:00\" \/>\n<meta property=\"og:image\" content=\"https:\/\/electronicfrance.com\/wp-content\/uploads\/2024\/07\/Original-FInal1.jpg\" \/>\n\t<meta property=\"og:image:width\" content=\"1000\" \/>\n\t<meta property=\"og:image:height\" content=\"800\" \/>\n\t<meta property=\"og:image:type\" content=\"image\/jpeg\" \/>\n<meta name=\"twitter:card\" content=\"summary_large_image\" \/>\n<script type=\"application\/ld+json\" class=\"yoast-schema-graph\">{\"@context\":\"https:\/\/schema.org\",\"@graph\":[{\"@type\":\"WebPage\",\"@id\":\"https:\/\/electronicfrance.com\/?page_id=5380\",\"url\":\"https:\/\/electronicfrance.com\/?page_id=5380\",\"name\":\"\u00c0 propos de nous &#8211; Electronic France\",\"isPartOf\":{\"@id\":\"https:\/\/electronicfrance.com\/#website\"},\"datePublished\":\"2023-05-27T08:49:36+00:00\",\"dateModified\":\"2023-07-07T08:17:54+00:00\",\"breadcrumb\":{\"@id\":\"https:\/\/electronicfrance.com\/?page_id=5380#breadcrumb\"},\"inLanguage\":\"fr-FR\",\"potentialAction\":[{\"@type\":\"ReadAction\",\"target\":[\"https:\/\/electronicfrance.com\/?page_id=5380\"]}]},{\"@type\":\"BreadcrumbList\",\"@id\":\"https:\/\/electronicfrance.com\/?page_id=5380#breadcrumb\",\"itemListElement\":[{\"@type\":\"ListItem\",\"position\":1,\"name\":\"Accueil\",\"item\":\"https:\/\/electronicfrance.com\/\"},{\"@type\":\"ListItem\",\"position\":2,\"name\":\"\u00c0 propos de nous\"}]},{\"@type\":\"WebSite\",\"@id\":\"https:\/\/electronicfrance.com\/#website\",\"url\":\"https:\/\/electronicfrance.com\/\",\"name\":\"ElectronicFrance\",\"description\":\"Meilleurs magasins \u00e9lectronique en France\",\"publisher\":{\"@id\":\"https:\/\/electronicfrance.com\/#organization\"},\"potentialAction\":[{\"@type\":\"SearchAction\",\"target\":{\"@type\":\"EntryPoint\",\"urlTemplate\":\"https:\/\/electronicfrance.com\/?s={search_term_string}\"},\"query-input\":{\"@type\":\"PropertyValueSpecification\",\"valueRequired\":true,\"valueName\":\"search_term_string\"}}],\"inLanguage\":\"fr-FR\"},{\"@type\":\"Organization\",\"@id\":\"https:\/\/electronicfrance.com\/#organization\",\"name\":\"Electronic France\",\"url\":\"https:\/\/electronicfrance.com\/\",\"logo\":{\"@type\":\"ImageObject\",\"inLanguage\":\"fr-FR\",\"@id\":\"https:\/\/electronicfrance.com\/#\/schema\/logo\/image\/\",\"url\":\"https:\/\/electronicfrance.com\/wp-content\/uploads\/2023\/05\/Border-Bg-Final-1-e1685430270843.jpg\",\"contentUrl\":\"https:\/\/electronicfrance.com\/wp-content\/uploads\/2023\/05\/Border-Bg-Final-1-e1685430270843.jpg\",\"width\":50,\"height\":40,\"caption\":\"Electronic France\"},\"image\":{\"@id\":\"https:\/\/electronicfrance.com\/#\/schema\/logo\/image\/\"}}]}<\/script>\n<!-- \/ Yoast SEO plugin. -->","yoast_head_json":{"title":"\u00c0 propos de nous &#8211; Electronic France","robots":{"index":"noindex","follow":"follow"},"og_locale":"fr_FR","og_type":"article","og_title":"\u00c0 propos de nous &#8211; Electronic France","og_description":"\u00c0 propos de nous \u00a0 \u00a0 \u00a0 \u00a0 \u00a0Bienvenue chez ELECTRONIC FRANCE. Nous sommes sp\u00e9cialistes sur tous ce qui concerne les produits \u00e9lectroniques T\u00e9l\u00e9visions, les ordinateurs portables, les smartphones, toutes","og_url":"https:\/\/electronicfrance.com\/?page_id=5380","og_site_name":"Electronic France","article_modified_time":"2023-07-07T08:17:54+00:00","og_image":[{"width":1000,"height":800,"url":"https:\/\/electronicfrance.com\/wp-content\/uploads\/2024\/07\/Original-FInal1.jpg","type":"image\/jpeg"}],"twitter_card":"summary_large_image","schema":{"@context":"https:\/\/schema.org","@graph":[{"@type":"WebPage","@id":"https:\/\/electronicfrance.com\/?page_id=5380","url":"https:\/\/electronicfrance.com\/?page_id=5380","name":"\u00c0 propos de nous &#8211; Electronic France","isPartOf":{"@id":"https:\/\/electronicfrance.com\/#website"},"datePublished":"2023-05-27T08:49:36+00:00","dateModified":"2023-07-07T08:17:54+00:00","breadcrumb":{"@id":"https:\/\/electronicfrance.com\/?page_id=5380#breadcrumb"},"inLanguage":"fr-FR","potentialAction":[{"@type":"ReadAction","target":["https:\/\/electronicfrance.com\/?page_id=5380"]}]},{"@type":"BreadcrumbList","@id":"https:\/\/electronicfrance.com\/?page_id=5380#breadcrumb","itemListElement":[{"@type":"ListItem","position":1,"name":"Accueil","item":"https:\/\/electronicfrance.com\/"},{"@type":"ListItem","position":2,"name":"\u00c0 propos de nous"}]},{"@type":"WebSite","@id":"https:\/\/electronicfrance.com\/#website","url":"https:\/\/electronicfrance.com\/","name":"ElectronicFrance","description":"Meilleurs magasins \u00e9lectronique en France","publisher":{"@id":"https:\/\/electronicfrance.com\/#organization"},"potentialAction":[{"@type":"SearchAction","target":{"@type":"EntryPoint","urlTemplate":"https:\/\/electronicfrance.com\/?s={search_term_string}"},"query-input":{"@type":"PropertyValueSpecification","valueRequired":true,"valueName":"search_term_string"}}],"inLanguage":"fr-FR"},{"@type":"Organization","@id":"https:\/\/electronicfrance.com\/#organization","name":"Electronic France","url":"https:\/\/electronicfrance.com\/","logo":{"@type":"ImageObject","inLanguage":"fr-FR","@id":"https:\/\/electronicfrance.com\/#\/schema\/logo\/image\/","url":"https:\/\/electronicfrance.com\/wp-content\/uploads\/2023\/05\/Border-Bg-Final-1-e1685430270843.jpg","contentUrl":"https:\/\/electronicfrance.com\/wp-content\/uploads\/2023\/05\/Border-Bg-Final-1-e1685430270843.jpg","width":50,"height":40,"caption":"Electronic France"},"image":{"@id":"https:\/\/electronicfrance.com\/#\/schema\/logo\/image\/"}}]}},"_links":{"self":[{"href":"https:\/\/electronicfrance.com\/index.php?rest_route=\/wp\/v2\/pages\/5380"}],"collection":[{"href":"https:\/\/electronicfrance.com\/index.php?rest_route=\/wp\/v2\/pages"}],"about":[{"href":"https:\/\/electronicfrance.com\/index.php?rest_route=\/wp\/v2\/types\/page"}],"author":[{"embeddable":true,"href":"https:\/\/electronicfrance.com\/index.php?rest_route=\/wp\/v2\/users\/1"}],"replies":[{"embeddable":true,"href":"https:\/\/electronicfrance.com\/index.php?rest_route=%2Fwp%2Fv2%2Fcomments&post=5380"}],"version-history":[{"count":10,"href":"https:\/\/electronicfrance.com\/index.php?rest_route=\/wp\/v2\/pages\/5380\/revisions"}],"predecessor-version":[{"id":5759,"href":"https:\/\/electronicfrance.com\/index.php?rest_route=\/wp\/v2\/pages\/5380\/revisions\/5759"}],"wp:attachment":[{"href":"https:\/\/electronicfrance.com\/index.php?rest_route=%2Fwp%2Fv2%2Fmedia&parent=5380"}],"curies":[{"name":"wp","href":"https:\/\/api.w.org\/{rel}","templated":true}]}}